{"id":21588,"date":"2026-02-03T22:58:11","date_gmt":"2026-02-03T19:58:11","guid":{"rendered":"https:\/\/a-pant.ee\/product\/udarniy-shurupovert-makita-dtd146\/"},"modified":"2026-02-22T12:52:34","modified_gmt":"2026-02-22T09:52:34","slug":"udarnyj-shurupovert-makita-dtd146-5-0-ach-aku","status":"publish","type":"product","link":"https:\/\/a-pant.ee\/ru\/product\/udarnyj-shurupovert-makita-dtd146-5-0-ach-aku\/","title":{"rendered":"\u0423\u0434\u0430\u0440\u043d\u044b\u0439 \u0448\u0443\u0440\u0443\u043f\u043e\u0432\u0435\u0440\u0442 Makita DTD146 + 5.0 \u0410\u0447 \u0430\u043a\u0443"},"content":{"rendered":"\n<p> \u00a0L\u00f6\u00f6kakutrell Makita DTD146 + 5.0 Ah aku, heas seisu- ja t\u00f6\u00f6korras! <\/p><hr><p> KIRJELDUS <\/p><p> Kasseti t\u00fc\u00fcp bittidele <\/p><p> Kiiruse arv 3 <\/p><p> Akutoitega <\/p><p> Max. Arv puhub minutis 3200 UD \/ min <\/p><p> Max. Noktuuride kiiruse arv 2300 p \/ min <\/p><p> Maksimaalne p\u00f6\u00f6rdemoment 160 N \u00b7 m <\/p><p> Funktsioonid ja v\u00f5imalused <\/p><p> Mootori piduri on <\/p><p> V\u00f5imalused vastupidine, elektroonilise rotatsiooni sageduse reguleerimine <\/p><p> Aku <\/p><p> Aku pinge 18 V <\/p><p> Eemaldatav aku Jah <\/p><p> Lisaks <\/p><p> M\u00f5\u00f5dud (DX) 138&#215;238 mm <\/p><p> Kaal 1,4 kg <\/p>\n","protected":false},"excerpt":{"rendered":"<p>\u00a0L\u00f6\u00f6kakutrell Makita DTD146 + 5.0 Ah aku, heas seisu- ja t\u00f6\u00f6korras! KIRJELDUS Kasseti t\u00fc\u00fcp bittidele Kiiruse arv 3 Akutoitega Max. Arv puhub minutis 3200 UD \/ min Max. Noktuuride kiiruse arv 2300 p \/ min Maksimaalne p\u00f6\u00f6rdemoment 160 N \u00b7 m Funktsioonid ja v\u00f5imalused Mootori piduri on V\u00f5imalused vastupidine, elektroonilise rotatsiooni sageduse reguleerimine Aku Aku [&hellip;]<\/p>\n","protected":false},"featured_media":21589,"comment_status":"closed","ping_status":"open","template":"","meta":{"inline_featured_image":false},"product_brand":[],"product_cat":[221],"product_tag":[],"class_list":{"0":"post-21588","1":"product","2":"type-product","3":"status-publish","4":"has-post-thumbnail","6":"product_cat-akkumulyatornye-dreli","7":"pa_asukoht-mustamae","8":"pa_seisukord-ispolzovano","10":"first","11":"instock","12":"taxable","13":"shipping-taxable","14":"purchasable","15":"product-type-simple"},"_links":{"self":[{"href":"https:\/\/a-pant.ee\/ru\/wp-json\/wp\/v2\/product\/21588","targetHints":{"allow":["GET"]}}],"collection":[{"href":"https:\/\/a-pant.ee\/ru\/wp-json\/wp\/v2\/product"}],"about":[{"href":"https:\/\/a-pant.ee\/ru\/wp-json\/wp\/v2\/types\/product"}],"replies":[{"embeddable":true,"href":"https:\/\/a-pant.ee\/ru\/wp-json\/wp\/v2\/comments?post=21588"}],"wp:featuredmedia":[{"embeddable":true,"href":"https:\/\/a-pant.ee\/ru\/wp-json\/wp\/v2\/media\/21589"}],"wp:attachment":[{"href":"https:\/\/a-pant.ee\/ru\/wp-json\/wp\/v2\/media?parent=21588"}],"wp:term":[{"taxonomy":"product_brand","embeddable":true,"href":"https:\/\/a-pant.ee\/ru\/wp-json\/wp\/v2\/product_brand?post=21588"},{"taxonomy":"product_cat","embeddable":true,"href":"https:\/\/a-pant.ee\/ru\/wp-json\/wp\/v2\/product_cat?post=21588"},{"taxonomy":"product_tag","embeddable":true,"href":"https:\/\/a-pant.ee\/ru\/wp-json\/wp\/v2\/product_tag?post=21588"}],"curies":[{"name":"wp","href":"https:\/\/api.w.org\/{rel}","templated":true}]}}