{"id":21576,"date":"2026-02-03T22:58:11","date_gmt":"2026-02-03T19:58:11","guid":{"rendered":"https:\/\/a-pant.ee\/product\/bessprovodnye-naushniki-jbl-tune-500bt\/"},"modified":"2026-02-22T12:52:34","modified_gmt":"2026-02-22T09:52:34","slug":"besprovodnye-naushniki-jbl-tune-500bt","status":"publish","type":"product","link":"https:\/\/a-pant.ee\/ru\/product\/besprovodnye-naushniki-jbl-tune-500bt\/","title":{"rendered":"\u0411\u0435\u0441\u043f\u0440\u043e\u0432\u043e\u0434\u043d\u044b\u0435 \u043d\u0430\u0443\u0448\u043d\u0438\u043a\u0438 JBL Tune 500BT"},"content":{"rendered":"\n<div><div id=\"description\"><div><p> K\u00f5rvaklapid JBL Tune 500BT, heas seisu- ja t\u00f6\u00f6korras! <\/p><p> KIRJELDUS <\/p><p> Ehitus: \u00fcldkulud (suletud) <br \/> \u00dchendus: Bluetooth 4.1 <br \/> V\u00e4listoodete t\u00fc\u00fcp: d\u00fcnaamiline <br \/> Lahtiolekuajad: 16 tundi <br \/> Impiedice: 32 oomi <br \/> Reprodutseeritav sagedusvahemik: 20-20000 Hz <br \/> Kaal: 155 g <\/p><\/div><\/div><\/div><div><div id=\"getcredit\"><br \/><h3><\/h3><\/div><\/div>\n","protected":false},"excerpt":{"rendered":"<p>K\u00f5rvaklapid JBL Tune 500BT, heas seisu- ja t\u00f6\u00f6korras! KIRJELDUS Ehitus: \u00fcldkulud (suletud) \u00dchendus: Bluetooth 4.1 V\u00e4listoodete t\u00fc\u00fcp: d\u00fcnaamiline Lahtiolekuajad: 16 tundi Impiedice: 32 oomi Reprodutseeritav sagedusvahemik: 20-20000 Hz Kaal: 155 g<\/p>\n","protected":false},"featured_media":21577,"comment_status":"closed","ping_status":"closed","template":"","meta":{"inline_featured_image":false},"product_brand":[],"product_cat":[168],"product_tag":[],"class_list":{"0":"post-21576","1":"product","2":"type-product","3":"status-publish","4":"has-post-thumbnail","6":"product_cat-naushniki","7":"pa_asukoht-mustamae","8":"pa_seisukord-ispolzovano","10":"first","11":"outofstock","12":"taxable","13":"shipping-taxable","14":"purchasable","15":"product-type-simple"},"_links":{"self":[{"href":"https:\/\/a-pant.ee\/ru\/wp-json\/wp\/v2\/product\/21576","targetHints":{"allow":["GET"]}}],"collection":[{"href":"https:\/\/a-pant.ee\/ru\/wp-json\/wp\/v2\/product"}],"about":[{"href":"https:\/\/a-pant.ee\/ru\/wp-json\/wp\/v2\/types\/product"}],"replies":[{"embeddable":true,"href":"https:\/\/a-pant.ee\/ru\/wp-json\/wp\/v2\/comments?post=21576"}],"wp:featuredmedia":[{"embeddable":true,"href":"https:\/\/a-pant.ee\/ru\/wp-json\/wp\/v2\/media\/21577"}],"wp:attachment":[{"href":"https:\/\/a-pant.ee\/ru\/wp-json\/wp\/v2\/media?parent=21576"}],"wp:term":[{"taxonomy":"product_brand","embeddable":true,"href":"https:\/\/a-pant.ee\/ru\/wp-json\/wp\/v2\/product_brand?post=21576"},{"taxonomy":"product_cat","embeddable":true,"href":"https:\/\/a-pant.ee\/ru\/wp-json\/wp\/v2\/product_cat?post=21576"},{"taxonomy":"product_tag","embeddable":true,"href":"https:\/\/a-pant.ee\/ru\/wp-json\/wp\/v2\/product_tag?post=21576"}],"curies":[{"name":"wp","href":"https:\/\/api.w.org\/{rel}","templated":true}]}}