{"id":21570,"date":"2026-02-03T22:58:11","date_gmt":"2026-02-03T19:58:11","guid":{"rendered":"https:\/\/a-pant.ee\/product\/noutbuk-asus-pc1215b-polnyy-komplekt\/"},"modified":"2026-02-22T12:52:34","modified_gmt":"2026-02-22T09:52:34","slug":"noutbuk-asus-pc1215b-polnyj-komplekt","status":"publish","type":"product","link":"https:\/\/a-pant.ee\/ru\/product\/noutbuk-asus-pc1215b-polnyj-komplekt\/","title":{"rendered":"\u041d\u043e\u0443\u0442\u0431\u0443\u043a Asus PC1215B (\u041f\u043e\u043b\u043d\u044b\u0439 \u041a\u043e\u043c\u043f\u043b\u0435\u043a\u0442)"},"content":{"rendered":"\n<p> Sulearvuti Asus PC1215B (T\u00e4iskomplekt), heas seisu- ja t\u00f6\u00f6korras! <\/p><hr><p> KIRJELDUS <\/p><p> Ekraan: 12.1 &#171;(1366&#215;768) <br \/> Protsessor: AMD C-50 (2&#215;1000 MHz) <br \/> RAM: 2 GB DDR3 <br \/> Drive: 320 GB <br \/> \u00dchendused: USB 2.0 t\u00fc\u00fcp A x 3, VGA v\u00e4ljund, HDMI v\u00e4ljund, mikrofoni kirje, k\u00f5rvaklappide v\u00e4ljund <br \/> Wireless: Wi-Fi 802.11n, Bluetooth <br \/> Aku eluiga: 8 h <br \/> Operatsioonis\u00fcsteem: Ilma OS-i ilma <br \/> PAS: 296x203x38 mm <br \/> Kaal: 1,45 kg <\/p>\n","protected":false},"excerpt":{"rendered":"<p>Sulearvuti Asus PC1215B (T\u00e4iskomplekt), heas seisu- ja t\u00f6\u00f6korras! KIRJELDUS Ekraan: 12.1 &#171;(1366&#215;768) Protsessor: AMD C-50 (2&#215;1000 MHz) RAM: 2 GB DDR3 Drive: 320 GB \u00dchendused: USB 2.0 t\u00fc\u00fcp A x 3, VGA v\u00e4ljund, HDMI v\u00e4ljund, mikrofoni kirje, k\u00f5rvaklappide v\u00e4ljund Wireless: Wi-Fi 802.11n, Bluetooth Aku eluiga: 8 h Operatsioonis\u00fcsteem: Ilma OS-i ilma PAS: 296x203x38 mm Kaal: [&hellip;]<\/p>\n","protected":false},"featured_media":21571,"comment_status":"closed","ping_status":"closed","template":"","meta":{"inline_featured_image":false},"product_brand":[],"product_cat":[179],"product_tag":[],"class_list":{"0":"post-21570","1":"product","2":"type-product","3":"status-publish","4":"has-post-thumbnail","6":"product_cat-noutbuki","7":"pa_asukoht-mustamae","8":"pa_seisukord-ispolzovano","10":"first","11":"instock","12":"sale","13":"taxable","14":"shipping-taxable","15":"purchasable","16":"product-type-simple"},"_links":{"self":[{"href":"https:\/\/a-pant.ee\/ru\/wp-json\/wp\/v2\/product\/21570","targetHints":{"allow":["GET"]}}],"collection":[{"href":"https:\/\/a-pant.ee\/ru\/wp-json\/wp\/v2\/product"}],"about":[{"href":"https:\/\/a-pant.ee\/ru\/wp-json\/wp\/v2\/types\/product"}],"replies":[{"embeddable":true,"href":"https:\/\/a-pant.ee\/ru\/wp-json\/wp\/v2\/comments?post=21570"}],"wp:featuredmedia":[{"embeddable":true,"href":"https:\/\/a-pant.ee\/ru\/wp-json\/wp\/v2\/media\/21571"}],"wp:attachment":[{"href":"https:\/\/a-pant.ee\/ru\/wp-json\/wp\/v2\/media?parent=21570"}],"wp:term":[{"taxonomy":"product_brand","embeddable":true,"href":"https:\/\/a-pant.ee\/ru\/wp-json\/wp\/v2\/product_brand?post=21570"},{"taxonomy":"product_cat","embeddable":true,"href":"https:\/\/a-pant.ee\/ru\/wp-json\/wp\/v2\/product_cat?post=21570"},{"taxonomy":"product_tag","embeddable":true,"href":"https:\/\/a-pant.ee\/ru\/wp-json\/wp\/v2\/product_tag?post=21570"}],"curies":[{"name":"wp","href":"https:\/\/api.w.org\/{rel}","templated":true}]}}