{"id":21555,"date":"2026-02-03T22:58:11","date_gmt":"2026-02-03T19:58:11","guid":{"rendered":"https:\/\/a-pant.ee\/product\/naruchnye-chasy-emporio-armani-ar-0310\/"},"modified":"2026-02-22T12:52:33","modified_gmt":"2026-02-22T09:52:33","slug":"naruchnye-chasy-emporio-armani-emporio-ar-0310","status":"publish","type":"product","link":"https:\/\/a-pant.ee\/ru\/product\/naruchnye-chasy-emporio-armani-emporio-ar-0310\/","title":{"rendered":"\u041d\u0430\u0440\u0443\u0447\u043d\u044b\u0435 \u0447\u0430\u0441\u044b   EMPORIO ARMANI Emporio AR 0310"},"content":{"rendered":"\n<p> \u00a0Kaekell \u00a0ARMANI Emporio \u00a0AR 0310\u00a0, heas seisu- ja t\u00f6\u00f6korras! <\/p><hr><p> KIRJELDUS <\/p><p> Mehhanismi t\u00fc\u00fcp <br \/> kvarts <br \/> Raam <br \/> teras <br \/> Kellaaeg <br \/> Valge <br \/> K\u00e4ev\u00f5ru <br \/> nahast v\u00f6\u00f6 <br \/> Veehooldus <br \/> 50Wr. <br \/> Klaas <br \/> Mineraalne <br \/> Kalender <\/p>\n","protected":false},"excerpt":{"rendered":"<p>\u00a0Kaekell \u00a0ARMANI Emporio \u00a0AR 0310\u00a0, heas seisu- ja t\u00f6\u00f6korras! KIRJELDUS Mehhanismi t\u00fc\u00fcp kvarts Raam teras Kellaaeg Valge K\u00e4ev\u00f5ru nahast v\u00f6\u00f6 Veehooldus 50Wr. Klaas Mineraalne Kalender<\/p>\n","protected":false},"featured_media":21556,"comment_status":"closed","ping_status":"open","template":"","meta":{"inline_featured_image":false},"product_brand":[],"product_cat":[211],"product_tag":[],"class_list":{"0":"post-21555","1":"product","2":"type-product","3":"status-publish","4":"has-post-thumbnail","6":"product_cat-muzhskie-chasy","7":"pa_asukoht-lasnamae","8":"pa_seisukord-ispolzovano","10":"first","11":"instock","12":"taxable","13":"shipping-taxable","14":"purchasable","15":"product-type-simple"},"_links":{"self":[{"href":"https:\/\/a-pant.ee\/ru\/wp-json\/wp\/v2\/product\/21555","targetHints":{"allow":["GET"]}}],"collection":[{"href":"https:\/\/a-pant.ee\/ru\/wp-json\/wp\/v2\/product"}],"about":[{"href":"https:\/\/a-pant.ee\/ru\/wp-json\/wp\/v2\/types\/product"}],"replies":[{"embeddable":true,"href":"https:\/\/a-pant.ee\/ru\/wp-json\/wp\/v2\/comments?post=21555"}],"wp:featuredmedia":[{"embeddable":true,"href":"https:\/\/a-pant.ee\/ru\/wp-json\/wp\/v2\/media\/21556"}],"wp:attachment":[{"href":"https:\/\/a-pant.ee\/ru\/wp-json\/wp\/v2\/media?parent=21555"}],"wp:term":[{"taxonomy":"product_brand","embeddable":true,"href":"https:\/\/a-pant.ee\/ru\/wp-json\/wp\/v2\/product_brand?post=21555"},{"taxonomy":"product_cat","embeddable":true,"href":"https:\/\/a-pant.ee\/ru\/wp-json\/wp\/v2\/product_cat?post=21555"},{"taxonomy":"product_tag","embeddable":true,"href":"https:\/\/a-pant.ee\/ru\/wp-json\/wp\/v2\/product_tag?post=21555"}],"curies":[{"name":"wp","href":"https:\/\/api.w.org\/{rel}","templated":true}]}}