{"id":21540,"date":"2026-02-03T22:58:11","date_gmt":"2026-02-03T19:58:11","guid":{"rendered":"https:\/\/a-pant.ee\/product\/gajkovert-hilti-siw-22t-a-akumulator-b22-5-2ah\/"},"modified":"2026-02-22T12:52:33","modified_gmt":"2026-02-22T09:52:33","slug":"akkumulyatornyj-udarnyj-gajkovyort-siw-22t-a-aku-5-2-ach","status":"publish","type":"product","link":"https:\/\/a-pant.ee\/ru\/product\/akkumulyatornyj-udarnyj-gajkovyort-siw-22t-a-aku-5-2-ach\/","title":{"rendered":"\u0410\u043a\u043a\u0443\u043c\u0443\u043b\u044f\u0442\u043e\u0440\u043d\u044b\u0439 \u0423\u0434\u0430\u0440\u043d\u044b\u0439 \u0433\u0430\u0439\u043a\u043e\u0432\u0451\u0440\u0442 SIW 22T-A + \u0430\u043a\u0443 5.2 \u0410\u0447"},"content":{"rendered":"\n<p> Akul\u00f6\u00f6kmutrikeeraja Hilti SIW 22T-A + Aku B22 5,2AH, heas seisu- ja t\u00f6\u00f6korras! <\/p><hr><p> KIRJELDUS <\/p><p> Alasi t\u00fc\u00fcp1\/2&#8243; fiksaatorSuurim p\u00f6\u00f6rdemoment450 Nm (1)\u00a01Suurim l\u00f6\u00f6gisagedus2500 l\u00f6\u00f6k\/minK\u00e4ikude arv1Koormuseta p\/minvarustus 1: 2000 p\/minM\u00f5\u00f5tmed (PxLxK)232 x 94 x 258 mmT\u00f6\u00f6riista korpuse kaal2.17 kgA-korrigeeritud helir\u00f5hu tase95.5 dB (A)\u00a02Nimipinge21.6 V <\/p>\n","protected":false},"excerpt":{"rendered":"<p>Akul\u00f6\u00f6kmutrikeeraja Hilti SIW 22T-A + Aku B22 5,2AH, heas seisu- ja t\u00f6\u00f6korras! KIRJELDUS Alasi t\u00fc\u00fcp1\/2&#8243; fiksaatorSuurim p\u00f6\u00f6rdemoment450 Nm (1)\u00a01Suurim l\u00f6\u00f6gisagedus2500 l\u00f6\u00f6k\/minK\u00e4ikude arv1Koormuseta p\/minvarustus 1: 2000 p\/minM\u00f5\u00f5tmed (PxLxK)232 x 94 x 258 mmT\u00f6\u00f6riista korpuse kaal2.17 kgA-korrigeeritud helir\u00f5hu tase95.5 dB (A)\u00a02Nimipinge21.6 V<\/p>\n","protected":false},"featured_media":21541,"comment_status":"closed","ping_status":"open","template":"","meta":{"inline_featured_image":false},"product_brand":[],"product_cat":[231],"product_tag":[],"class_list":{"0":"post-21540","1":"product","2":"type-product","3":"status-publish","4":"has-post-thumbnail","6":"product_cat-shurupoverty","7":"pa_asukoht-mustamae","8":"pa_seisukord-ispolzovano","10":"first","11":"instock","12":"taxable","13":"shipping-taxable","14":"purchasable","15":"product-type-simple"},"_links":{"self":[{"href":"https:\/\/a-pant.ee\/ru\/wp-json\/wp\/v2\/product\/21540","targetHints":{"allow":["GET"]}}],"collection":[{"href":"https:\/\/a-pant.ee\/ru\/wp-json\/wp\/v2\/product"}],"about":[{"href":"https:\/\/a-pant.ee\/ru\/wp-json\/wp\/v2\/types\/product"}],"replies":[{"embeddable":true,"href":"https:\/\/a-pant.ee\/ru\/wp-json\/wp\/v2\/comments?post=21540"}],"wp:featuredmedia":[{"embeddable":true,"href":"https:\/\/a-pant.ee\/ru\/wp-json\/wp\/v2\/media\/21541"}],"wp:attachment":[{"href":"https:\/\/a-pant.ee\/ru\/wp-json\/wp\/v2\/media?parent=21540"}],"wp:term":[{"taxonomy":"product_brand","embeddable":true,"href":"https:\/\/a-pant.ee\/ru\/wp-json\/wp\/v2\/product_brand?post=21540"},{"taxonomy":"product_cat","embeddable":true,"href":"https:\/\/a-pant.ee\/ru\/wp-json\/wp\/v2\/product_cat?post=21540"},{"taxonomy":"product_tag","embeddable":true,"href":"https:\/\/a-pant.ee\/ru\/wp-json\/wp\/v2\/product_tag?post=21540"}],"curies":[{"name":"wp","href":"https:\/\/api.w.org\/{rel}","templated":true}]}}