{"id":21534,"date":"2026-02-03T22:58:11","date_gmt":"2026-02-03T19:58:11","guid":{"rendered":"https:\/\/a-pant.ee\/product\/noutbuk-lenovo-v15-i3-1005g1\/"},"modified":"2026-02-22T12:52:33","modified_gmt":"2026-02-22T09:52:33","slug":"laptop-noutbuk-lenovo-v15-model-82c5-zaryadka-i3-1005g1","status":"publish","type":"product","link":"https:\/\/a-pant.ee\/ru\/product\/laptop-noutbuk-lenovo-v15-model-82c5-zaryadka-i3-1005g1\/","title":{"rendered":"\u041b\u0430\u043f\u0442\u043e\u043f \u041d\u043e\u0443\u0442\u0431\u0443\u043a Lenovo V15 \u043c\u043e\u0434\u0435\u043b\u044c 82C5 + \u0437\u0430\u0440\u044f\u0434\u043a\u0430 i3 1005G1"},"content":{"rendered":"\n<p> S\u00fclearvuti Lenovov V15 mudel 82C5 + laadija i3 1005G1, heas seisu- ja t\u00f6\u00f6korras! <\/p><hr><p> KIRJELDUS <\/p><p> Protsessor: Intel Core TM i3-1005G1 CPU 1,20Ghz (4CPU&#8217;s) &#8212; 1.2Ghz <\/p><p> Operatiiv m\u00e4lu: 8GB DDR4 <\/p><p> Videokaart: Intel(R) UHD Graphics Family 4121MB <\/p><p> K\u00f5vakettas: wdc pc sn520 sdapnuw-256g-1101\u00a0 256GB SSD <\/p><p> windows: 10\u00a0home 64-bit <\/p>\n","protected":false},"excerpt":{"rendered":"<p>S\u00fclearvuti Lenovov V15 mudel 82C5 + laadija i3 1005G1, heas seisu- ja t\u00f6\u00f6korras! KIRJELDUS Protsessor: Intel Core TM i3-1005G1 CPU 1,20Ghz (4CPU&#8217;s) &#8212; 1.2Ghz Operatiiv m\u00e4lu: 8GB DDR4 Videokaart: Intel(R) UHD Graphics Family 4121MB K\u00f5vakettas: wdc pc sn520 sdapnuw-256g-1101\u00a0 256GB SSD windows: 10\u00a0home 64-bit<\/p>\n","protected":false},"featured_media":21535,"comment_status":"closed","ping_status":"open","template":"","meta":{"inline_featured_image":false},"product_brand":[],"product_cat":[179],"product_tag":[],"class_list":{"0":"post-21534","1":"product","2":"type-product","3":"status-publish","4":"has-post-thumbnail","6":"product_cat-noutbuki","7":"pa_asukoht-mustamae","8":"pa_seisukord-ispolzovano","10":"first","11":"instock","12":"taxable","13":"shipping-taxable","14":"purchasable","15":"product-type-simple"},"_links":{"self":[{"href":"https:\/\/a-pant.ee\/ru\/wp-json\/wp\/v2\/product\/21534","targetHints":{"allow":["GET"]}}],"collection":[{"href":"https:\/\/a-pant.ee\/ru\/wp-json\/wp\/v2\/product"}],"about":[{"href":"https:\/\/a-pant.ee\/ru\/wp-json\/wp\/v2\/types\/product"}],"replies":[{"embeddable":true,"href":"https:\/\/a-pant.ee\/ru\/wp-json\/wp\/v2\/comments?post=21534"}],"wp:featuredmedia":[{"embeddable":true,"href":"https:\/\/a-pant.ee\/ru\/wp-json\/wp\/v2\/media\/21535"}],"wp:attachment":[{"href":"https:\/\/a-pant.ee\/ru\/wp-json\/wp\/v2\/media?parent=21534"}],"wp:term":[{"taxonomy":"product_brand","embeddable":true,"href":"https:\/\/a-pant.ee\/ru\/wp-json\/wp\/v2\/product_brand?post=21534"},{"taxonomy":"product_cat","embeddable":true,"href":"https:\/\/a-pant.ee\/ru\/wp-json\/wp\/v2\/product_cat?post=21534"},{"taxonomy":"product_tag","embeddable":true,"href":"https:\/\/a-pant.ee\/ru\/wp-json\/wp\/v2\/product_tag?post=21534"}],"curies":[{"name":"wp","href":"https:\/\/api.w.org\/{rel}","templated":true}]}}