{"id":21529,"date":"2026-02-03T22:58:11","date_gmt":"2026-02-03T19:58:11","guid":{"rendered":"https:\/\/a-pant.ee\/product\/proektor-led-vt-4250\/"},"modified":"2026-02-22T12:52:33","modified_gmt":"2026-02-22T09:52:33","slug":"prozhektor-led-vt-4250","status":"publish","type":"product","link":"https:\/\/a-pant.ee\/ru\/product\/prozhektor-led-vt-4250\/","title":{"rendered":"\u041f\u0440\u043e\u0436\u0435\u043a\u0442\u043e\u0440 LED Vt-4250"},"content":{"rendered":"\n<p> Projektor Vt-4250, heas seisu- ja t\u00f6\u00f6korras! <\/p><hr><p> KIRJELDUS <\/p><p> Chip LED: High Power SMD <br \/> V\u00f5imsus: 50W <br \/> Pinge \/ sagedus: AC: 220-240V \/ 50Hz <br \/> Beam nurk: 100 \u00b0 <br \/> Valgustav voolu: 4.250LM &#8212; 85 lm \/ w <br \/> Heli v\u00e4rv: k\u00fclm valge, 6400k <br \/> V\u00f5imsus (ekvivalentne. Tavap\u00e4rane pirn): ~ 250W <br \/> Energiat\u00f5hususe klass: A + <br \/> Eluiga: 20 000h <br \/> Keha materjal: k\u00f5rge tugevuse alumiinium, k\u00f5rge tugevusega klaas <br \/> Kere v\u00e4rv: must \/ kollane keha <br \/> \u00dchendus: toitekaabel <br \/> IP Hinnang: IP65 veekindel <br \/> PF&gt; 0,95 <br \/> Cri&gt; 70 <\/p>\n","protected":false},"excerpt":{"rendered":"<p>Projektor Vt-4250, heas seisu- ja t\u00f6\u00f6korras! KIRJELDUS Chip LED: High Power SMD V\u00f5imsus: 50W Pinge \/ sagedus: AC: 220-240V \/ 50Hz Beam nurk: 100 \u00b0 Valgustav voolu: 4.250LM &#8212; 85 lm \/ w Heli v\u00e4rv: k\u00fclm valge, 6400k V\u00f5imsus (ekvivalentne. Tavap\u00e4rane pirn): ~ 250W Energiat\u00f5hususe klass: A + Eluiga: 20 000h Keha materjal: k\u00f5rge tugevuse [&hellip;]<\/p>\n","protected":false},"featured_media":21530,"comment_status":"closed","ping_status":"open","template":"","meta":{"inline_featured_image":false},"product_brand":[],"product_cat":[246],"product_tag":[],"class_list":{"0":"post-21529","1":"product","2":"type-product","3":"status-publish","4":"has-post-thumbnail","6":"product_cat-instrumenty-drugoe","7":"pa_asukoht-lasnamae","8":"pa_seisukord-ispolzovano","10":"first","11":"instock","12":"taxable","13":"shipping-taxable","14":"purchasable","15":"product-type-simple"},"_links":{"self":[{"href":"https:\/\/a-pant.ee\/ru\/wp-json\/wp\/v2\/product\/21529","targetHints":{"allow":["GET"]}}],"collection":[{"href":"https:\/\/a-pant.ee\/ru\/wp-json\/wp\/v2\/product"}],"about":[{"href":"https:\/\/a-pant.ee\/ru\/wp-json\/wp\/v2\/types\/product"}],"replies":[{"embeddable":true,"href":"https:\/\/a-pant.ee\/ru\/wp-json\/wp\/v2\/comments?post=21529"}],"wp:featuredmedia":[{"embeddable":true,"href":"https:\/\/a-pant.ee\/ru\/wp-json\/wp\/v2\/media\/21530"}],"wp:attachment":[{"href":"https:\/\/a-pant.ee\/ru\/wp-json\/wp\/v2\/media?parent=21529"}],"wp:term":[{"taxonomy":"product_brand","embeddable":true,"href":"https:\/\/a-pant.ee\/ru\/wp-json\/wp\/v2\/product_brand?post=21529"},{"taxonomy":"product_cat","embeddable":true,"href":"https:\/\/a-pant.ee\/ru\/wp-json\/wp\/v2\/product_cat?post=21529"},{"taxonomy":"product_tag","embeddable":true,"href":"https:\/\/a-pant.ee\/ru\/wp-json\/wp\/v2\/product_tag?post=21529"}],"curies":[{"name":"wp","href":"https:\/\/api.w.org\/{rel}","templated":true}]}}