{"id":21516,"date":"2026-02-03T22:58:11","date_gmt":"2026-02-03T19:58:11","guid":{"rendered":"https:\/\/a-pant.ee\/product\/akkumulyatornaya-drel-makita-ddf482\/"},"modified":"2026-02-22T12:52:32","modified_gmt":"2026-02-22T09:52:32","slug":"akkumulyatornaya-drel-makita-ddf482","status":"publish","type":"product","link":"https:\/\/a-pant.ee\/ru\/product\/akkumulyatornaya-drel-makita-ddf482\/","title":{"rendered":"\u0410\u043a\u043a\u0443\u043c\u0443\u043b\u044f\u0442\u043e\u0440\u043d\u0430\u044f \u0434\u0440\u0435\u043b\u044c Makita DDF482"},"content":{"rendered":"\n<p> Akutrell Makita DDF482, heas seisu- ja t\u00f6\u00f6korras! <\/p><hr><p> KIRJELDUS <\/p><p> Aku pinge: 18 V <br \/> Maksimaalne p\u00f6\u00f6rdemoment: 62 n \u00b7 m <br \/> Max. Puurimise l\u00e4bim\u00f5\u00f5t (puit): 38 mm <br \/> Max. Puurimise l\u00e4bim\u00f5\u00f5t (metall): 13 mm <br \/> Kaal: 1,5 kg <br \/> Laetav s\u00fcsteem: Makita 18V LXT <br \/> Design Omadused: Punkti valgustuslamp, spindli fikseerimine, p\u00f6\u00f6rlemissageduse reguleerimine, plock <br \/> Funktsioonid: tagurpidi, mootoripidur <br \/> Liik kassett: Quick-Swap <br \/> Max. T\u00fchik\u00e4igu kiiruse arv: 1900 rpm <\/p>\n","protected":false},"excerpt":{"rendered":"<p>Akutrell Makita DDF482, heas seisu- ja t\u00f6\u00f6korras! KIRJELDUS Aku pinge: 18 V Maksimaalne p\u00f6\u00f6rdemoment: 62 n \u00b7 m Max. Puurimise l\u00e4bim\u00f5\u00f5t (puit): 38 mm Max. Puurimise l\u00e4bim\u00f5\u00f5t (metall): 13 mm Kaal: 1,5 kg Laetav s\u00fcsteem: Makita 18V LXT Design Omadused: Punkti valgustuslamp, spindli fikseerimine, p\u00f6\u00f6rlemissageduse reguleerimine, plock Funktsioonid: tagurpidi, mootoripidur Liik kassett: Quick-Swap Max. T\u00fchik\u00e4igu [&hellip;]<\/p>\n","protected":false},"featured_media":21517,"comment_status":"closed","ping_status":"open","template":"","meta":{"inline_featured_image":false},"product_brand":[],"product_cat":[221],"product_tag":[],"class_list":{"0":"post-21516","1":"product","2":"type-product","3":"status-publish","4":"has-post-thumbnail","6":"product_cat-akkumulyatornye-dreli","7":"pa_asukoht-mustamae","8":"pa_seisukord-ispolzovano","10":"first","11":"instock","12":"taxable","13":"shipping-taxable","14":"purchasable","15":"product-type-simple"},"_links":{"self":[{"href":"https:\/\/a-pant.ee\/ru\/wp-json\/wp\/v2\/product\/21516","targetHints":{"allow":["GET"]}}],"collection":[{"href":"https:\/\/a-pant.ee\/ru\/wp-json\/wp\/v2\/product"}],"about":[{"href":"https:\/\/a-pant.ee\/ru\/wp-json\/wp\/v2\/types\/product"}],"replies":[{"embeddable":true,"href":"https:\/\/a-pant.ee\/ru\/wp-json\/wp\/v2\/comments?post=21516"}],"wp:featuredmedia":[{"embeddable":true,"href":"https:\/\/a-pant.ee\/ru\/wp-json\/wp\/v2\/media\/21517"}],"wp:attachment":[{"href":"https:\/\/a-pant.ee\/ru\/wp-json\/wp\/v2\/media?parent=21516"}],"wp:term":[{"taxonomy":"product_brand","embeddable":true,"href":"https:\/\/a-pant.ee\/ru\/wp-json\/wp\/v2\/product_brand?post=21516"},{"taxonomy":"product_cat","embeddable":true,"href":"https:\/\/a-pant.ee\/ru\/wp-json\/wp\/v2\/product_cat?post=21516"},{"taxonomy":"product_tag","embeddable":true,"href":"https:\/\/a-pant.ee\/ru\/wp-json\/wp\/v2\/product_tag?post=21516"}],"curies":[{"name":"wp","href":"https:\/\/api.w.org\/{rel}","templated":true}]}}