{"id":21508,"date":"2026-02-03T22:58:11","date_gmt":"2026-02-03T19:58:11","guid":{"rendered":"https:\/\/a-pant.ee\/product\/bluetooth-naushniki-sudio-tolv-true\/"},"modified":"2026-02-22T12:52:32","modified_gmt":"2026-02-22T09:52:32","slug":"bluetooth-naushniki-sudio-tolv-true","status":"publish","type":"product","link":"https:\/\/a-pant.ee\/ru\/product\/bluetooth-naushniki-sudio-tolv-true\/","title":{"rendered":"Bluetooth \u041d\u0430\u0443\u0448\u043d\u0438\u043a\u0438 Sudio Tolv True"},"content":{"rendered":"\n<p><b> Juhtmevaba Bluetooth K\u00f5rvaklappid Sudio Tolv True ,Kate on katki vaata foto <\/b> , heas seisu- ja t\u00f6\u00f6korras! <\/p><hr><p> KIRJELDUS <\/p><p> Disain: intra-kanal (suletud) <br \/> \u00dchendus: Bluetooth 5.0 <br \/> Laadimine: Micro USB <br \/> Impiedice: 32 oomi <br \/> Reprodutseeritav sagedusvahemik: 20-20000 Hz <br \/> Tundlikkus: 93 dB <br \/> Kaal: 40 g <\/p>\n","protected":false},"excerpt":{"rendered":"<p>Juhtmevaba Bluetooth K\u00f5rvaklappid Sudio Tolv True ,Kate on katki vaata foto , heas seisu- ja t\u00f6\u00f6korras! KIRJELDUS Disain: intra-kanal (suletud) \u00dchendus: Bluetooth 5.0 Laadimine: Micro USB Impiedice: 32 oomi Reprodutseeritav sagedusvahemik: 20-20000 Hz Tundlikkus: 93 dB Kaal: 40 g<\/p>\n","protected":false},"featured_media":21509,"comment_status":"closed","ping_status":"closed","template":"","meta":{"inline_featured_image":false},"product_brand":[],"product_cat":[168],"product_tag":[],"class_list":{"0":"post-21508","1":"product","2":"type-product","3":"status-publish","4":"has-post-thumbnail","6":"product_cat-naushniki","7":"pa_asukoht-mustamae","8":"pa_seisukord-ispolzovano","10":"first","11":"outofstock","12":"taxable","13":"shipping-taxable","14":"purchasable","15":"product-type-simple"},"_links":{"self":[{"href":"https:\/\/a-pant.ee\/ru\/wp-json\/wp\/v2\/product\/21508","targetHints":{"allow":["GET"]}}],"collection":[{"href":"https:\/\/a-pant.ee\/ru\/wp-json\/wp\/v2\/product"}],"about":[{"href":"https:\/\/a-pant.ee\/ru\/wp-json\/wp\/v2\/types\/product"}],"replies":[{"embeddable":true,"href":"https:\/\/a-pant.ee\/ru\/wp-json\/wp\/v2\/comments?post=21508"}],"wp:featuredmedia":[{"embeddable":true,"href":"https:\/\/a-pant.ee\/ru\/wp-json\/wp\/v2\/media\/21509"}],"wp:attachment":[{"href":"https:\/\/a-pant.ee\/ru\/wp-json\/wp\/v2\/media?parent=21508"}],"wp:term":[{"taxonomy":"product_brand","embeddable":true,"href":"https:\/\/a-pant.ee\/ru\/wp-json\/wp\/v2\/product_brand?post=21508"},{"taxonomy":"product_cat","embeddable":true,"href":"https:\/\/a-pant.ee\/ru\/wp-json\/wp\/v2\/product_cat?post=21508"},{"taxonomy":"product_tag","embeddable":true,"href":"https:\/\/a-pant.ee\/ru\/wp-json\/wp\/v2\/product_tag?post=21508"}],"curies":[{"name":"wp","href":"https:\/\/api.w.org\/{rel}","templated":true}]}}