{"id":21497,"date":"2026-02-03T22:58:11","date_gmt":"2026-02-03T19:58:11","guid":{"rendered":"https:\/\/a-pant.ee\/product\/naruchnye-chasy-polar-ignite-zaryadka-chehol\/"},"modified":"2026-02-22T12:52:32","modified_gmt":"2026-02-22T09:52:32","slug":"naruchnye-chasy-polar-ignite-zaryadka-chehol","status":"publish","type":"product","link":"https:\/\/a-pant.ee\/ru\/product\/naruchnye-chasy-polar-ignite-zaryadka-chehol\/","title":{"rendered":"\u041d\u0430\u0440\u0443\u0447\u043d\u044b\u0435 \u0427\u0430\u0441\u044b Polar Ignite + \u0417\u0430\u0440\u044f\u0434\u043a\u0430 + \u0427\u0435\u0445\u043e\u043b"},"content":{"rendered":"\n<p> Nutikellad Polar Ignite + Laadija + Juhind + Kohver, heas seisu- ja t\u00f6\u00f6korras! <\/p><hr><p> KIRJELDUS <\/p><p> Polar Ignite Black on uus p\u00f5lvkonna fitness kella sisseehitatud GPS \/ GLONASS, polaarse H10 rinnaanduriga, kus on t\u00e4pne pressoon randme, ultra-\u00f5huke, professionaalsete koolitusjuhistega. <\/p>\n","protected":false},"excerpt":{"rendered":"<p>Nutikellad Polar Ignite + Laadija + Juhind + Kohver, heas seisu- ja t\u00f6\u00f6korras! KIRJELDUS Polar Ignite Black on uus p\u00f5lvkonna fitness kella sisseehitatud GPS \/ GLONASS, polaarse H10 rinnaanduriga, kus on t\u00e4pne pressoon randme, ultra-\u00f5huke, professionaalsete koolitusjuhistega.<\/p>\n","protected":false},"featured_media":21498,"comment_status":"closed","ping_status":"open","template":"","meta":{"inline_featured_image":false},"product_brand":[],"product_cat":[176],"product_tag":[],"class_list":{"0":"post-21497","1":"product","2":"type-product","3":"status-publish","4":"has-post-thumbnail","6":"product_cat-smart-chasy","7":"pa_asukoht-mustamae","8":"pa_seisukord-ispolzovano","10":"first","11":"instock","12":"taxable","13":"shipping-taxable","14":"purchasable","15":"product-type-simple"},"_links":{"self":[{"href":"https:\/\/a-pant.ee\/ru\/wp-json\/wp\/v2\/product\/21497","targetHints":{"allow":["GET"]}}],"collection":[{"href":"https:\/\/a-pant.ee\/ru\/wp-json\/wp\/v2\/product"}],"about":[{"href":"https:\/\/a-pant.ee\/ru\/wp-json\/wp\/v2\/types\/product"}],"replies":[{"embeddable":true,"href":"https:\/\/a-pant.ee\/ru\/wp-json\/wp\/v2\/comments?post=21497"}],"wp:featuredmedia":[{"embeddable":true,"href":"https:\/\/a-pant.ee\/ru\/wp-json\/wp\/v2\/media\/21498"}],"wp:attachment":[{"href":"https:\/\/a-pant.ee\/ru\/wp-json\/wp\/v2\/media?parent=21497"}],"wp:term":[{"taxonomy":"product_brand","embeddable":true,"href":"https:\/\/a-pant.ee\/ru\/wp-json\/wp\/v2\/product_brand?post=21497"},{"taxonomy":"product_cat","embeddable":true,"href":"https:\/\/a-pant.ee\/ru\/wp-json\/wp\/v2\/product_cat?post=21497"},{"taxonomy":"product_tag","embeddable":true,"href":"https:\/\/a-pant.ee\/ru\/wp-json\/wp\/v2\/product_tag?post=21497"}],"curies":[{"name":"wp","href":"https:\/\/api.w.org\/{rel}","templated":true}]}}