{"id":21491,"date":"2026-02-03T22:58:11","date_gmt":"2026-02-03T19:58:11","guid":{"rendered":"https:\/\/a-pant.ee\/product\/akkumulyatornaya-drel-makita-df347d-14-4v\/"},"modified":"2026-02-22T12:52:32","modified_gmt":"2026-02-22T09:52:32","slug":"akkumulyatornaya-drel-makita-df347d-144v-bez-akkumulyatora","status":"publish","type":"product","link":"https:\/\/a-pant.ee\/ru\/product\/akkumulyatornaya-drel-makita-df347d-144v-bez-akkumulyatora\/","title":{"rendered":"\u0410\u043a\u043a\u0443\u043c\u0443\u043b\u044f\u0442\u043e\u0440\u043d\u0430\u044f \u0434\u0440\u0435\u043b\u044c Makita DF347D 14,4v (\u0431\u0435\u0437 \u0430\u043a\u043a\u0443\u043c\u0443\u043b\u044f\u0442\u043e\u0440\u0430)"},"content":{"rendered":"\n<p> Akutrell Makita DF347D \u00a014,4v (ilma aku)\u00a0, heas seisu- ja t\u00f6\u00f6korras! <\/p><hr><p> KIRJELDUS <\/p><p> Toote t\u00fc\u00fcp\u00a0 \u00a0Trellid <\/p><p> Kaubam\u00e4rk\u00a0 \u00a0\u00a0Makita <\/p><p> Kaal\u00a0 \u00a0\u00a01.4 kg <\/p><p> P\u00f6\u00f6rete arv t\u00fchik\u00e4igul\u00a0 \u00a0 \u00a00-1400,\u00a00-400 <\/p><p> K\u00e4ikude arv\u00a0 \u00a0 \u00a02 <\/p><p> Maksimaalne p\u00f6\u00f6rdemoment, Nm\u00a0 \u00a0\u00a030 <\/p><p> P\u00f6\u00f6rdemomendi astmete arv\u00a0 \u00a0\u00a016 <\/p><p> Maks. puurimisaugu l\u00e4bim\u00f5\u00f5t puidus\u00a0 \u00a0\u00a025 mm <\/p><p> Maks. puurimisaugu l\u00e4bim\u00f5\u00f5t terases\u00a0 \u00a0 \u00a010 mm <\/p><p> Maks. puurimisaugu l\u00e4bim\u00f5\u00f5t betoonis\u00a0 \u00a0\u00a010 mm <\/p><p> L\u00f6\u00f6kre\u017eiim\u00a0 \u00a0 \u00a0Ei <\/p><p> Aku t\u00fc\u00fcp\u00a0 \u00a0 \u00a0Li-ion <\/p><p> Aku maht\u00a0 \u00a0 \u00a01500 mAh <\/p><p> Aku kuulub komplekti\u00a0 \u00a0 Ei <\/p><p> Aku pinge\u00a0 \u00a0\u00a014.4 V <\/p><p> Laadimisaeg\u00a0 \u00a0 \u00a060 min <\/p><p> Laadimistaseme indikaator\u00a0 \u00a0\u00a0Ei <\/p>\n","protected":false},"excerpt":{"rendered":"<p>Akutrell Makita DF347D \u00a014,4v (ilma aku)\u00a0, heas seisu- ja t\u00f6\u00f6korras! KIRJELDUS Toote t\u00fc\u00fcp\u00a0 \u00a0Trellid Kaubam\u00e4rk\u00a0 \u00a0\u00a0Makita Kaal\u00a0 \u00a0\u00a01.4 kg P\u00f6\u00f6rete arv t\u00fchik\u00e4igul\u00a0 \u00a0 \u00a00-1400,\u00a00-400 K\u00e4ikude arv\u00a0 \u00a0 \u00a02 Maksimaalne p\u00f6\u00f6rdemoment, Nm\u00a0 \u00a0\u00a030 P\u00f6\u00f6rdemomendi astmete arv\u00a0 \u00a0\u00a016 Maks. puurimisaugu l\u00e4bim\u00f5\u00f5t puidus\u00a0 \u00a0\u00a025 mm Maks. puurimisaugu l\u00e4bim\u00f5\u00f5t terases\u00a0 \u00a0 \u00a010 mm Maks. puurimisaugu l\u00e4bim\u00f5\u00f5t betoonis\u00a0 \u00a0\u00a010 mm [&hellip;]<\/p>\n","protected":false},"featured_media":21492,"comment_status":"closed","ping_status":"open","template":"","meta":{"inline_featured_image":false},"product_brand":[],"product_cat":[221],"product_tag":[],"class_list":{"0":"post-21491","1":"product","2":"type-product","3":"status-publish","4":"has-post-thumbnail","6":"product_cat-akkumulyatornye-dreli","7":"pa_asukoht-lasnamae","8":"pa_seisukord-ispolzovano","10":"first","11":"instock","12":"taxable","13":"shipping-taxable","14":"purchasable","15":"product-type-simple"},"_links":{"self":[{"href":"https:\/\/a-pant.ee\/ru\/wp-json\/wp\/v2\/product\/21491","targetHints":{"allow":["GET"]}}],"collection":[{"href":"https:\/\/a-pant.ee\/ru\/wp-json\/wp\/v2\/product"}],"about":[{"href":"https:\/\/a-pant.ee\/ru\/wp-json\/wp\/v2\/types\/product"}],"replies":[{"embeddable":true,"href":"https:\/\/a-pant.ee\/ru\/wp-json\/wp\/v2\/comments?post=21491"}],"wp:featuredmedia":[{"embeddable":true,"href":"https:\/\/a-pant.ee\/ru\/wp-json\/wp\/v2\/media\/21492"}],"wp:attachment":[{"href":"https:\/\/a-pant.ee\/ru\/wp-json\/wp\/v2\/media?parent=21491"}],"wp:term":[{"taxonomy":"product_brand","embeddable":true,"href":"https:\/\/a-pant.ee\/ru\/wp-json\/wp\/v2\/product_brand?post=21491"},{"taxonomy":"product_cat","embeddable":true,"href":"https:\/\/a-pant.ee\/ru\/wp-json\/wp\/v2\/product_cat?post=21491"},{"taxonomy":"product_tag","embeddable":true,"href":"https:\/\/a-pant.ee\/ru\/wp-json\/wp\/v2\/product_tag?post=21491"}],"curies":[{"name":"wp","href":"https:\/\/api.w.org\/{rel}","templated":true}]}}