{"id":21479,"date":"2026-02-03T22:58:11","date_gmt":"2026-02-03T19:58:11","guid":{"rendered":"https:\/\/a-pant.ee\/product\/smart-chasy-mio-alpha-2-zaryadka\/"},"modified":"2026-02-22T12:52:32","modified_gmt":"2026-02-22T09:52:32","slug":"smart-chasy-mio-alpha-2-zaryadka","status":"publish","type":"product","link":"https:\/\/a-pant.ee\/ru\/product\/smart-chasy-mio-alpha-2-zaryadka\/","title":{"rendered":"\u0421\u043c\u0430\u0440\u0442-\u0447\u0430\u0441\u044b MIO Alpha 2 + \u0417\u0430\u0440\u044f\u0434\u043a\u0430"},"content":{"rendered":"\n<p><b> Nutikell MIO Alpha 2 + Laadija <\/b> heas seisu- ja t\u00f6\u00f6korras! <\/p><p> KIRJELDUS <\/p><p> \u00dchilduvus: iOS, Android <br \/> Veekindel: WR30 (3 ATM) <br \/> Liidesed: Bluetooth 4.0 <br \/> Klaasi t\u00fc\u00fcp: mineraal <br \/> Case Materjal: plastik <br \/> J\u00e4relevalve: kaloreid, kehaline aktiivsus <br \/> Andurid: kiirendusm\u00f5\u00f5tur, Pulsiromeeter konstantsete impulsi m\u00f5\u00f5tmisega <br \/> Kaal: 53 g <\/p>\n","protected":false},"excerpt":{"rendered":"<p>Nutikell MIO Alpha 2 + Laadija heas seisu- ja t\u00f6\u00f6korras! KIRJELDUS \u00dchilduvus: iOS, Android Veekindel: WR30 (3 ATM) Liidesed: Bluetooth 4.0 Klaasi t\u00fc\u00fcp: mineraal Case Materjal: plastik J\u00e4relevalve: kaloreid, kehaline aktiivsus Andurid: kiirendusm\u00f5\u00f5tur, Pulsiromeeter konstantsete impulsi m\u00f5\u00f5tmisega Kaal: 53 g<\/p>\n","protected":false},"featured_media":21480,"comment_status":"closed","ping_status":"open","template":"","meta":{"inline_featured_image":false},"product_brand":[],"product_cat":[176],"product_tag":[],"class_list":{"0":"post-21479","1":"product","2":"type-product","3":"status-publish","4":"has-post-thumbnail","6":"product_cat-smart-chasy","7":"pa_asukoht-mustamae","8":"pa_seisukord-ispolzovano","10":"first","11":"instock","12":"taxable","13":"shipping-taxable","14":"purchasable","15":"product-type-simple"},"_links":{"self":[{"href":"https:\/\/a-pant.ee\/ru\/wp-json\/wp\/v2\/product\/21479","targetHints":{"allow":["GET"]}}],"collection":[{"href":"https:\/\/a-pant.ee\/ru\/wp-json\/wp\/v2\/product"}],"about":[{"href":"https:\/\/a-pant.ee\/ru\/wp-json\/wp\/v2\/types\/product"}],"replies":[{"embeddable":true,"href":"https:\/\/a-pant.ee\/ru\/wp-json\/wp\/v2\/comments?post=21479"}],"wp:featuredmedia":[{"embeddable":true,"href":"https:\/\/a-pant.ee\/ru\/wp-json\/wp\/v2\/media\/21480"}],"wp:attachment":[{"href":"https:\/\/a-pant.ee\/ru\/wp-json\/wp\/v2\/media?parent=21479"}],"wp:term":[{"taxonomy":"product_brand","embeddable":true,"href":"https:\/\/a-pant.ee\/ru\/wp-json\/wp\/v2\/product_brand?post=21479"},{"taxonomy":"product_cat","embeddable":true,"href":"https:\/\/a-pant.ee\/ru\/wp-json\/wp\/v2\/product_cat?post=21479"},{"taxonomy":"product_tag","embeddable":true,"href":"https:\/\/a-pant.ee\/ru\/wp-json\/wp\/v2\/product_tag?post=21479"}],"curies":[{"name":"wp","href":"https:\/\/api.w.org\/{rel}","templated":true}]}}