{"id":21457,"date":"2026-02-03T22:51:58","date_gmt":"2026-02-03T19:51:58","guid":{"rendered":"https:\/\/a-pant.ee\/product\/smart-chasy-amazfit-stratos-zaryadka\/"},"modified":"2026-02-22T12:52:37","modified_gmt":"2026-02-22T09:52:37","slug":"smart-chasy-amazfit-stratos-zaryadka","status":"publish","type":"product","link":"https:\/\/a-pant.ee\/ru\/product\/smart-chasy-amazfit-stratos-zaryadka\/","title":{"rendered":"\u0421\u043c\u0430\u0440\u0442 \u0427\u0430\u0441\u044b Amazfit Stratos + \u0417\u0430\u0440\u044f\u0434\u043a\u0430"},"content":{"rendered":"\n<p><b> Nutikellad Amazfit Stratos + laadija + laadija <\/b> heas seisu- ja t\u00f6\u00f6korras! <\/p><p> KIRJELDUS <\/p><p> Ekraan: 1,34 &#171;(320&#215;300) <br \/> \u00dchilduvus: Windows, ios, Android, OS X <br \/> Veekindel: WR50 (5 ATM) <br \/> Liidesed: Wi-Fi, Bluetooth 4.2 <br \/> K\u00f5ned: sissetuleva k\u00f5ne teatamine <br \/> J\u00e4relevalve: kaloreid, kehaline aktiivsus, uni <br \/> Andurid: kiirendusm\u00f5\u00f5tur, g\u00fcroskoop, k\u00f5rgusem\u00f5\u00f5tur, p\u00fcsiv impulsi m\u00f5\u00f5tmistega <br \/> Kaal: 60 g <\/p>\n","protected":false},"excerpt":{"rendered":"<p>Nutikellad Amazfit Stratos + laadija + laadija heas seisu- ja t\u00f6\u00f6korras! KIRJELDUS Ekraan: 1,34 &#171;(320&#215;300) \u00dchilduvus: Windows, ios, Android, OS X Veekindel: WR50 (5 ATM) Liidesed: Wi-Fi, Bluetooth 4.2 K\u00f5ned: sissetuleva k\u00f5ne teatamine J\u00e4relevalve: kaloreid, kehaline aktiivsus, uni Andurid: kiirendusm\u00f5\u00f5tur, g\u00fcroskoop, k\u00f5rgusem\u00f5\u00f5tur, p\u00fcsiv impulsi m\u00f5\u00f5tmistega Kaal: 60 g<\/p>\n","protected":false},"featured_media":21458,"comment_status":"closed","ping_status":"closed","template":"","meta":{"inline_featured_image":false},"product_brand":[],"product_cat":[176],"product_tag":[],"class_list":{"0":"post-21457","1":"product","2":"type-product","3":"status-publish","4":"has-post-thumbnail","6":"product_cat-smart-chasy","7":"pa_asukoht-mustamae","8":"pa_seisukord-ispolzovano","10":"first","11":"instock","12":"taxable","13":"shipping-taxable","14":"purchasable","15":"product-type-simple"},"_links":{"self":[{"href":"https:\/\/a-pant.ee\/ru\/wp-json\/wp\/v2\/product\/21457","targetHints":{"allow":["GET"]}}],"collection":[{"href":"https:\/\/a-pant.ee\/ru\/wp-json\/wp\/v2\/product"}],"about":[{"href":"https:\/\/a-pant.ee\/ru\/wp-json\/wp\/v2\/types\/product"}],"replies":[{"embeddable":true,"href":"https:\/\/a-pant.ee\/ru\/wp-json\/wp\/v2\/comments?post=21457"}],"wp:featuredmedia":[{"embeddable":true,"href":"https:\/\/a-pant.ee\/ru\/wp-json\/wp\/v2\/media\/21458"}],"wp:attachment":[{"href":"https:\/\/a-pant.ee\/ru\/wp-json\/wp\/v2\/media?parent=21457"}],"wp:term":[{"taxonomy":"product_brand","embeddable":true,"href":"https:\/\/a-pant.ee\/ru\/wp-json\/wp\/v2\/product_brand?post=21457"},{"taxonomy":"product_cat","embeddable":true,"href":"https:\/\/a-pant.ee\/ru\/wp-json\/wp\/v2\/product_cat?post=21457"},{"taxonomy":"product_tag","embeddable":true,"href":"https:\/\/a-pant.ee\/ru\/wp-json\/wp\/v2\/product_tag?post=21457"}],"curies":[{"name":"wp","href":"https:\/\/api.w.org\/{rel}","templated":true}]}}