{"id":21451,"date":"2026-02-03T22:51:58","date_gmt":"2026-02-03T19:51:58","guid":{"rendered":"https:\/\/a-pant.ee\/product\/pogruzhnaia-pila-scheppach-pl-55\/"},"modified":"2026-02-22T12:52:36","modified_gmt":"2026-02-22T09:52:36","slug":"pogruzhnaya-pila-scheppach-pl-55","status":"publish","type":"product","link":"https:\/\/a-pant.ee\/ru\/product\/pogruzhnaya-pila-scheppach-pl-55\/","title":{"rendered":"\u041f\u043e\u0433\u0440\u0443\u0436\u043d\u0430\u044f \u043f\u0438\u043b\u0430 Scheppach PL 55"},"content":{"rendered":"\n<p><b> Ketassaag Scheppach PL 55 <\/b> , heas seisu- ja t\u00f6\u00f6korras! <\/p><hr><p> KIRJELDUS <\/p><p> TootjaScheppach <\/p><p> Kaal4.8 kg <\/p><p> Kogukaal koos pakendiga8,18 kg <\/p><p> Mootori t\u00fc\u00fcpElektri <\/p><p> Professionaalidele \/ AsjaarmastajateleAsjaarmastajatele <\/p><p> Ketta maksimaalne l\u00e4bim\u00f5\u00f5t160 mm <\/p><p> Kiirus koormuseta5500 min-1 <\/p><p> Maksimaalne kiirus5500 \/min <\/p><p> Reguleeritav kiirus v\u00f5imaldab t\u00f6\u00f6tada erinevate materjalidegaEi <\/p><p> Sisendv\u00f5imsus1200 W <\/p><p> L\u00f5ikes\u00fcgavus 45\u00b0\/90\u00b041\/55 mm <\/p><p> Siseava l\u00e4bim\u00f5\u00f5t20,0 mm <\/p><p> Saab kasutada juhtr\u00f6\u00f6pagaJah <\/p>\n","protected":false},"excerpt":{"rendered":"<p>Ketassaag Scheppach PL 55 , heas seisu- ja t\u00f6\u00f6korras! KIRJELDUS TootjaScheppach Kaal4.8 kg Kogukaal koos pakendiga8,18 kg Mootori t\u00fc\u00fcpElektri Professionaalidele \/ AsjaarmastajateleAsjaarmastajatele Ketta maksimaalne l\u00e4bim\u00f5\u00f5t160 mm Kiirus koormuseta5500 min-1 Maksimaalne kiirus5500 \/min Reguleeritav kiirus v\u00f5imaldab t\u00f6\u00f6tada erinevate materjalidegaEi Sisendv\u00f5imsus1200 W L\u00f5ikes\u00fcgavus 45\u00b0\/90\u00b041\/55 mm Siseava l\u00e4bim\u00f5\u00f5t20,0 mm Saab kasutada juhtr\u00f6\u00f6pagaJah<\/p>\n","protected":false},"featured_media":21452,"comment_status":"closed","ping_status":"open","template":"","meta":{"inline_featured_image":false},"product_brand":[],"product_cat":[230],"product_tag":[],"class_list":{"0":"post-21451","1":"product","2":"type-product","3":"status-publish","4":"has-post-thumbnail","6":"product_cat-czirkulyarnye-pily","7":"pa_asukoht-mustamae","8":"pa_seisukord-ispolzovano","10":"first","11":"instock","12":"taxable","13":"shipping-taxable","14":"purchasable","15":"product-type-simple"},"_links":{"self":[{"href":"https:\/\/a-pant.ee\/ru\/wp-json\/wp\/v2\/product\/21451","targetHints":{"allow":["GET"]}}],"collection":[{"href":"https:\/\/a-pant.ee\/ru\/wp-json\/wp\/v2\/product"}],"about":[{"href":"https:\/\/a-pant.ee\/ru\/wp-json\/wp\/v2\/types\/product"}],"replies":[{"embeddable":true,"href":"https:\/\/a-pant.ee\/ru\/wp-json\/wp\/v2\/comments?post=21451"}],"wp:featuredmedia":[{"embeddable":true,"href":"https:\/\/a-pant.ee\/ru\/wp-json\/wp\/v2\/media\/21452"}],"wp:attachment":[{"href":"https:\/\/a-pant.ee\/ru\/wp-json\/wp\/v2\/media?parent=21451"}],"wp:term":[{"taxonomy":"product_brand","embeddable":true,"href":"https:\/\/a-pant.ee\/ru\/wp-json\/wp\/v2\/product_brand?post=21451"},{"taxonomy":"product_cat","embeddable":true,"href":"https:\/\/a-pant.ee\/ru\/wp-json\/wp\/v2\/product_cat?post=21451"},{"taxonomy":"product_tag","embeddable":true,"href":"https:\/\/a-pant.ee\/ru\/wp-json\/wp\/v2\/product_tag?post=21451"}],"curies":[{"name":"wp","href":"https:\/\/api.w.org\/{rel}","templated":true}]}}