{"id":21440,"date":"2026-02-03T22:51:58","date_gmt":"2026-02-03T19:51:58","guid":{"rendered":"https:\/\/a-pant.ee\/product\/bluetooth-naushniki-exibel-bit-100\/"},"modified":"2026-02-22T12:52:36","modified_gmt":"2026-02-22T09:52:36","slug":"bluetooth-naushniki-exibel-bit-100","status":"publish","type":"product","link":"https:\/\/a-pant.ee\/ru\/product\/bluetooth-naushniki-exibel-bit-100\/","title":{"rendered":"Bluetooth \u041d\u0430\u0443\u0448\u043d\u0438\u043a\u0438 Exibel Bit 100"},"content":{"rendered":"\n<p><b> Bluetooth K\u00f5rvaklappid Exibel Bit 100 <\/b> , heas seisu- ja t\u00f6\u00f6korras! <\/p><hr><p> KIRJELDUS <\/p><p> Clas Ohlson \u00ae BIT100 Wireless Headphones, Bluetooth Headphones 3H Playtime Deep Bass Stereo Sound 10m Bluetooth Range V4.2 True Wireless Earphones Earbuds With Mic, Portable Charging Case <\/p>\n","protected":false},"excerpt":{"rendered":"<p>Bluetooth K\u00f5rvaklappid Exibel Bit 100 , heas seisu- ja t\u00f6\u00f6korras! KIRJELDUS Clas Ohlson \u00ae BIT100 Wireless Headphones, Bluetooth Headphones 3H Playtime Deep Bass Stereo Sound 10m Bluetooth Range V4.2 True Wireless Earphones Earbuds With Mic, Portable Charging Case<\/p>\n","protected":false},"featured_media":21441,"comment_status":"closed","ping_status":"closed","template":"","meta":{"inline_featured_image":false},"product_brand":[],"product_cat":[168],"product_tag":[],"class_list":{"0":"post-21440","1":"product","2":"type-product","3":"status-publish","4":"has-post-thumbnail","6":"product_cat-naushniki","7":"pa_asukoht-mustamae","8":"pa_seisukord-ispolzovano","10":"first","11":"outofstock","12":"taxable","13":"shipping-taxable","14":"purchasable","15":"product-type-simple"},"_links":{"self":[{"href":"https:\/\/a-pant.ee\/ru\/wp-json\/wp\/v2\/product\/21440","targetHints":{"allow":["GET"]}}],"collection":[{"href":"https:\/\/a-pant.ee\/ru\/wp-json\/wp\/v2\/product"}],"about":[{"href":"https:\/\/a-pant.ee\/ru\/wp-json\/wp\/v2\/types\/product"}],"replies":[{"embeddable":true,"href":"https:\/\/a-pant.ee\/ru\/wp-json\/wp\/v2\/comments?post=21440"}],"wp:featuredmedia":[{"embeddable":true,"href":"https:\/\/a-pant.ee\/ru\/wp-json\/wp\/v2\/media\/21441"}],"wp:attachment":[{"href":"https:\/\/a-pant.ee\/ru\/wp-json\/wp\/v2\/media?parent=21440"}],"wp:term":[{"taxonomy":"product_brand","embeddable":true,"href":"https:\/\/a-pant.ee\/ru\/wp-json\/wp\/v2\/product_brand?post=21440"},{"taxonomy":"product_cat","embeddable":true,"href":"https:\/\/a-pant.ee\/ru\/wp-json\/wp\/v2\/product_cat?post=21440"},{"taxonomy":"product_tag","embeddable":true,"href":"https:\/\/a-pant.ee\/ru\/wp-json\/wp\/v2\/product_tag?post=21440"}],"curies":[{"name":"wp","href":"https:\/\/api.w.org\/{rel}","templated":true}]}}