{"id":21426,"date":"2026-02-03T22:51:58","date_gmt":"2026-02-03T19:51:58","guid":{"rendered":"https:\/\/a-pant.ee\/product\/udarnyj-shurupovort-makita-dtd153-akumulator-5-0an\/"},"modified":"2026-02-22T12:52:36","modified_gmt":"2026-02-22T09:52:36","slug":"udarnyj-shurupovyort-dtd153-aku-5-0an","status":"publish","type":"product","link":"https:\/\/a-pant.ee\/ru\/product\/udarnyj-shurupovyort-dtd153-aku-5-0an\/","title":{"rendered":"\u0423\u0414\u0410\u0420\u041d\u042b\u0419 \u0428\u0423\u0420\u0423\u041f\u041e\u0412\u0401\u0420\u0422 DTD153 + \u0410\u041a\u0423 5.0\u0410\u041d"},"content":{"rendered":"\n<p> M\u00fc\u00fcakse <b> Akul\u00f6\u00f6ktrell Makita DTD153 + Aku 5.0AH <\/b> , heas seisu- ja t\u00f6\u00f6korras! <\/p><hr><p> KIRJELDUS <\/p><p> M\u00f5ju H\u00fcperman <br \/> Max. P\u00f6\u00f6rdemoment 170 N \u00b7 m <br \/> Eemaldatav aku, 18 V <br \/> Kassett bitti all <br \/> Kaal 1,3 kg <\/p>\n","protected":false},"excerpt":{"rendered":"<p>M\u00fc\u00fcakse Akul\u00f6\u00f6ktrell Makita DTD153 + Aku 5.0AH , heas seisu- ja t\u00f6\u00f6korras! KIRJELDUS M\u00f5ju H\u00fcperman Max. P\u00f6\u00f6rdemoment 170 N \u00b7 m Eemaldatav aku, 18 V Kassett bitti all Kaal 1,3 kg<\/p>\n","protected":false},"featured_media":21427,"comment_status":"closed","ping_status":"open","template":"","meta":{"inline_featured_image":false},"product_brand":[],"product_cat":[221],"product_tag":[],"class_list":{"0":"post-21426","1":"product","2":"type-product","3":"status-publish","4":"has-post-thumbnail","6":"product_cat-akkumulyatornye-dreli","7":"pa_asukoht-lasnamae","8":"pa_seisukord-ispolzovano","10":"first","11":"instock","12":"taxable","13":"shipping-taxable","14":"purchasable","15":"product-type-simple"},"_links":{"self":[{"href":"https:\/\/a-pant.ee\/ru\/wp-json\/wp\/v2\/product\/21426","targetHints":{"allow":["GET"]}}],"collection":[{"href":"https:\/\/a-pant.ee\/ru\/wp-json\/wp\/v2\/product"}],"about":[{"href":"https:\/\/a-pant.ee\/ru\/wp-json\/wp\/v2\/types\/product"}],"replies":[{"embeddable":true,"href":"https:\/\/a-pant.ee\/ru\/wp-json\/wp\/v2\/comments?post=21426"}],"wp:featuredmedia":[{"embeddable":true,"href":"https:\/\/a-pant.ee\/ru\/wp-json\/wp\/v2\/media\/21427"}],"wp:attachment":[{"href":"https:\/\/a-pant.ee\/ru\/wp-json\/wp\/v2\/media?parent=21426"}],"wp:term":[{"taxonomy":"product_brand","embeddable":true,"href":"https:\/\/a-pant.ee\/ru\/wp-json\/wp\/v2\/product_brand?post=21426"},{"taxonomy":"product_cat","embeddable":true,"href":"https:\/\/a-pant.ee\/ru\/wp-json\/wp\/v2\/product_cat?post=21426"},{"taxonomy":"product_tag","embeddable":true,"href":"https:\/\/a-pant.ee\/ru\/wp-json\/wp\/v2\/product_tag?post=21426"}],"curies":[{"name":"wp","href":"https:\/\/api.w.org\/{rel}","templated":true}]}}