{"id":21413,"date":"2026-02-03T22:51:58","date_gmt":"2026-02-03T19:51:58","guid":{"rendered":"https:\/\/a-pant.ee\/product\/bt-kolonki-woofit-go-x-komplekt\/"},"modified":"2026-02-22T12:52:35","modified_gmt":"2026-02-22T09:52:35","slug":"bt-kolonki-woofit-go-x-komplekt","status":"publish","type":"product","link":"https:\/\/a-pant.ee\/ru\/product\/bt-kolonki-woofit-go-x-komplekt\/","title":{"rendered":"BT \u043a\u043e\u043b\u043e\u043d\u043a\u0438 WooFit Go X \u043a\u043e\u043c\u043f\u043b\u0435\u043a\u0442"},"content":{"rendered":"\n<p> \u00a0BT k\u00f5lar WooFit Go X komplekt + karp, heas seisu- ja t\u00f6\u00f6korras! <\/p><hr><p> KIRJELDUS <\/p><p> \u00a0Bluetooth 5.0 ensures a fast and stable connection between your device and the speaker <br \/> \u2022 Bluetooth range up to 10 meters <br \/> \u2022 Output power: 1x3W <br \/> \u2022 3.7V rechargeable Li-Ion battery with 950mAh (up to 8 hours of streaming) <br \/> \u2022 Charged via the included micro USB charging cable <br \/> \u2022 IPX4 classified splash proof speaker <br \/> \u2022 Built-in microphone for hands-free calling via WOOFit Go X <br \/> \u2022 LED indicator <br \/> \u2022 Classic Danish design. Dimensions: 91 x 45 mm <br \/> \u2022 Weight: 180g <\/p>\n","protected":false},"excerpt":{"rendered":"<p>\u00a0BT k\u00f5lar WooFit Go X komplekt + karp, heas seisu- ja t\u00f6\u00f6korras! KIRJELDUS \u00a0Bluetooth 5.0 ensures a fast and stable connection between your device and the speaker \u2022 Bluetooth range up to 10 meters \u2022 Output power: 1x3W \u2022 3.7V rechargeable Li-Ion battery with 950mAh (up to 8 hours of streaming) \u2022 Charged via the [&hellip;]<\/p>\n","protected":false},"featured_media":21414,"comment_status":"closed","ping_status":"open","template":"","meta":{"inline_featured_image":false},"product_brand":[],"product_cat":[167],"product_tag":[],"class_list":{"0":"post-21413","1":"product","2":"type-product","3":"status-publish","4":"has-post-thumbnail","6":"product_cat-kolonki","7":"pa_asukoht-lasnamae","8":"pa_seisukord-ispolzovano","10":"first","11":"instock","12":"taxable","13":"shipping-taxable","14":"purchasable","15":"product-type-simple"},"_links":{"self":[{"href":"https:\/\/a-pant.ee\/ru\/wp-json\/wp\/v2\/product\/21413","targetHints":{"allow":["GET"]}}],"collection":[{"href":"https:\/\/a-pant.ee\/ru\/wp-json\/wp\/v2\/product"}],"about":[{"href":"https:\/\/a-pant.ee\/ru\/wp-json\/wp\/v2\/types\/product"}],"replies":[{"embeddable":true,"href":"https:\/\/a-pant.ee\/ru\/wp-json\/wp\/v2\/comments?post=21413"}],"wp:featuredmedia":[{"embeddable":true,"href":"https:\/\/a-pant.ee\/ru\/wp-json\/wp\/v2\/media\/21414"}],"wp:attachment":[{"href":"https:\/\/a-pant.ee\/ru\/wp-json\/wp\/v2\/media?parent=21413"}],"wp:term":[{"taxonomy":"product_brand","embeddable":true,"href":"https:\/\/a-pant.ee\/ru\/wp-json\/wp\/v2\/product_brand?post=21413"},{"taxonomy":"product_cat","embeddable":true,"href":"https:\/\/a-pant.ee\/ru\/wp-json\/wp\/v2\/product_cat?post=21413"},{"taxonomy":"product_tag","embeddable":true,"href":"https:\/\/a-pant.ee\/ru\/wp-json\/wp\/v2\/product_tag?post=21413"}],"curies":[{"name":"wp","href":"https:\/\/api.w.org\/{rel}","templated":true}]}}