{"id":21394,"date":"2026-02-03T22:51:58","date_gmt":"2026-02-03T19:51:58","guid":{"rendered":"https:\/\/a-pant.ee\/product\/bosch-pmf-180-e-multi-instrument\/"},"modified":"2026-02-22T12:52:35","modified_gmt":"2026-02-22T09:52:35","slug":"bosch-pmf-180-e-multi-instrument","status":"publish","type":"product","link":"https:\/\/a-pant.ee\/ru\/product\/bosch-pmf-180-e-multi-instrument\/","title":{"rendered":"BOSCH PMF 180 E \u041c\u0443\u043b\u044c\u0442\u0438 \u0438\u043d\u0441\u0442\u0440\u0443\u043c\u0435\u043d\u0442"},"content":{"rendered":"\n<p> M\u00fc\u00fcakse <b> Bosch multi tool 603 A00 000 <\/b> , heas seisu- ja t\u00f6\u00f6korras! <\/p><hr><p> KIRJELDUS <\/p><p> Saagimisv\u00f5ime puidus 135 mm <br \/> Saagimisv\u00f5imsus teras 10 mm <br \/> Sael\u00f6\u00f6k 26 mm <br \/> Kiirkinnitatav saeleht <br \/> Taustavalgus <br \/> Talla t\u00fc\u00fcp: valatud <\/p>\n","protected":false},"excerpt":{"rendered":"<p>M\u00fc\u00fcakse Bosch multi tool 603 A00 000 , heas seisu- ja t\u00f6\u00f6korras! KIRJELDUS Saagimisv\u00f5ime puidus 135 mm Saagimisv\u00f5imsus teras 10 mm Sael\u00f6\u00f6k 26 mm Kiirkinnitatav saeleht Taustavalgus Talla t\u00fc\u00fcp: valatud<\/p>\n","protected":false},"featured_media":21395,"comment_status":"closed","ping_status":"open","template":"","meta":{"inline_featured_image":false},"product_brand":[],"product_cat":[247],"product_tag":[],"class_list":{"0":"post-21394","1":"product","2":"type-product","3":"status-publish","4":"has-post-thumbnail","6":"product_cat-universalnye-instrumenty","7":"pa_asukoht-lasnamae","8":"pa_seisukord-ispolzovano","10":"first","11":"instock","12":"taxable","13":"shipping-taxable","14":"purchasable","15":"product-type-simple"},"_links":{"self":[{"href":"https:\/\/a-pant.ee\/ru\/wp-json\/wp\/v2\/product\/21394","targetHints":{"allow":["GET"]}}],"collection":[{"href":"https:\/\/a-pant.ee\/ru\/wp-json\/wp\/v2\/product"}],"about":[{"href":"https:\/\/a-pant.ee\/ru\/wp-json\/wp\/v2\/types\/product"}],"replies":[{"embeddable":true,"href":"https:\/\/a-pant.ee\/ru\/wp-json\/wp\/v2\/comments?post=21394"}],"wp:featuredmedia":[{"embeddable":true,"href":"https:\/\/a-pant.ee\/ru\/wp-json\/wp\/v2\/media\/21395"}],"wp:attachment":[{"href":"https:\/\/a-pant.ee\/ru\/wp-json\/wp\/v2\/media?parent=21394"}],"wp:term":[{"taxonomy":"product_brand","embeddable":true,"href":"https:\/\/a-pant.ee\/ru\/wp-json\/wp\/v2\/product_brand?post=21394"},{"taxonomy":"product_cat","embeddable":true,"href":"https:\/\/a-pant.ee\/ru\/wp-json\/wp\/v2\/product_cat?post=21394"},{"taxonomy":"product_tag","embeddable":true,"href":"https:\/\/a-pant.ee\/ru\/wp-json\/wp\/v2\/product_tag?post=21394"}],"curies":[{"name":"wp","href":"https:\/\/api.w.org\/{rel}","templated":true}]}}