{"id":21367,"date":"2026-02-03T22:45:58","date_gmt":"2026-02-03T19:45:58","guid":{"rendered":"https:\/\/a-pant.ee\/product\/akkumulyatornyy-perforator-dewalt-dch273\/"},"modified":"2026-02-22T12:52:39","modified_gmt":"2026-02-22T09:52:39","slug":"akkumulyatornyj-perforator-dewalt-dch273-zaryadka-yashhik","status":"publish","type":"product","link":"https:\/\/a-pant.ee\/ru\/product\/akkumulyatornyj-perforator-dewalt-dch273-zaryadka-yashhik\/","title":{"rendered":"\u0410\u043a\u043a\u0443\u043c\u0443\u043b\u044f\u0442\u043e\u0440\u043d\u044b\u0439 \u043f\u0435\u0440\u0444\u043e\u0440\u0430\u0442\u043e\u0440 DeWalt DCH273 + \u0437\u0430\u0440\u044f\u0434\u043a\u0430 + \u044f\u0449\u0438\u043a"},"content":{"rendered":"\n<p> \u00a0Akupuurvasar DeWalt DCH273 + laadija + kohver, heas seisu- ja t\u00f6\u00f6korras! <\/p><p> t\u00f6\u00f6re\u017eiimid: puurimine, peitimine, puurimine koos peitel <\/p><p> SDS-Plus kassett <\/p><p> vastupidises re\u017eiimis <\/p><p> komplektis olevate patareide arv: 2 <\/p><p> kaasus <\/p><p> kaal 3,1 kg <\/p><p> juhtmeta p\u00f6\u00f6rdhaamer <\/p><p> l\u00f6\u00f6gienergia 2,1 J <\/p><p> l\u00f6\u00f6gim\u00e4\u00e4r 4600 l\u00f6\u00f6ki \/ min <\/p><p> p\u00f6\u00f6rlemiskiirus 1100 p \/ min <\/p><p> puurimise l\u00e4bim\u00f5\u00f5t betoonis kuni 24 mm <\/p>\n","protected":false},"excerpt":{"rendered":"<p>\u00a0Akupuurvasar DeWalt DCH273 + laadija + kohver, heas seisu- ja t\u00f6\u00f6korras! t\u00f6\u00f6re\u017eiimid: puurimine, peitimine, puurimine koos peitel SDS-Plus kassett vastupidises re\u017eiimis komplektis olevate patareide arv: 2 kaasus kaal 3,1 kg juhtmeta p\u00f6\u00f6rdhaamer l\u00f6\u00f6gienergia 2,1 J l\u00f6\u00f6gim\u00e4\u00e4r 4600 l\u00f6\u00f6ki \/ min p\u00f6\u00f6rlemiskiirus 1100 p \/ min puurimise l\u00e4bim\u00f5\u00f5t betoonis kuni 24 mm<\/p>\n","protected":false},"featured_media":21368,"comment_status":"closed","ping_status":"open","template":"","meta":{"inline_featured_image":false},"product_brand":[],"product_cat":[239],"product_tag":[],"class_list":{"0":"post-21367","1":"product","2":"type-product","3":"status-publish","4":"has-post-thumbnail","6":"product_cat-perforatory-i-dreli","7":"pa_asukoht-mustamae","8":"pa_seisukord-ispolzovano","10":"first","11":"instock","12":"taxable","13":"shipping-taxable","14":"purchasable","15":"product-type-simple"},"_links":{"self":[{"href":"https:\/\/a-pant.ee\/ru\/wp-json\/wp\/v2\/product\/21367","targetHints":{"allow":["GET"]}}],"collection":[{"href":"https:\/\/a-pant.ee\/ru\/wp-json\/wp\/v2\/product"}],"about":[{"href":"https:\/\/a-pant.ee\/ru\/wp-json\/wp\/v2\/types\/product"}],"replies":[{"embeddable":true,"href":"https:\/\/a-pant.ee\/ru\/wp-json\/wp\/v2\/comments?post=21367"}],"wp:featuredmedia":[{"embeddable":true,"href":"https:\/\/a-pant.ee\/ru\/wp-json\/wp\/v2\/media\/21368"}],"wp:attachment":[{"href":"https:\/\/a-pant.ee\/ru\/wp-json\/wp\/v2\/media?parent=21367"}],"wp:term":[{"taxonomy":"product_brand","embeddable":true,"href":"https:\/\/a-pant.ee\/ru\/wp-json\/wp\/v2\/product_brand?post=21367"},{"taxonomy":"product_cat","embeddable":true,"href":"https:\/\/a-pant.ee\/ru\/wp-json\/wp\/v2\/product_cat?post=21367"},{"taxonomy":"product_tag","embeddable":true,"href":"https:\/\/a-pant.ee\/ru\/wp-json\/wp\/v2\/product_tag?post=21367"}],"curies":[{"name":"wp","href":"https:\/\/api.w.org\/{rel}","templated":true}]}}