{"id":21334,"date":"2026-02-03T22:45:58","date_gmt":"2026-02-03T19:45:58","guid":{"rendered":"https:\/\/a-pant.ee\/product\/igry-dlya-xbox-360\/"},"modified":"2026-02-22T12:52:38","modified_gmt":"2026-02-22T09:52:38","slug":"igry-dlya-xbox-360","status":"publish","type":"product","link":"https:\/\/a-pant.ee\/ru\/product\/igry-dlya-xbox-360\/","title":{"rendered":"\u0418\u0433\u0440\u044b \u0434\u043b\u044f XBOX 360"},"content":{"rendered":"\n<p> M\u00fc\u00fcakse\u00a0XBOX 360 M\u00e4ngud! <\/p><p> \u2014\u2014\u2014\u2014\u2014\u2014\u2014\u2014\u2014\u2014\u2014\u2014\u2014\u2014\u2014\u2014\u2014\u2014\u2014\u2014\u2014\u2014- <\/p><p> Tiger Woods PGA Tour 08 \u2014 56 88 02 02, Lasnam\u00e4e Pae 80 <\/p><p> Rock band &#8212; 56 88 02 02, Lasnam\u00e4e Pae 80 <\/p><p> Street Fighter IV -* 56 88 02 02, Lasnam\u00e4e Pae 80 <\/p><p> WRC FIA world rally 2 &#8212; 56 88 02 02, Lasnam\u00e4e Pae 80 <\/p><p> Forza motorsport 4 &#8212; 56 88 02 02, Lasnam\u00e4e Pae 80 <\/p><p> Guitar hero &#8212; 56 88 02 02, Lasnam\u00e4e Pae 80 <\/p><p> Band hero &#8212; 56 88 02 02, Lasnam\u00e4e Pae 80 <\/p><p> Guitar hero warriors of rock &#8212; 56 88 02 02, Lasnam\u00e4e Pae 80 <\/p><p> Brothers in arms hell s highway &#8212; 56 88 02 02, Lasnam\u00e4e Pae 80 <\/p><p> Mafia II &#8212; 56 88 02 02, Lasnam\u00e4e Pae 80 <\/p><p> Fallsut new Vegas &#8212; 56 88 02 02, Lasnam\u00e4e Pae 80 <\/p><p> Assasins creed &#8212; 56 88 02 02, Lasnam\u00e4e Pae 80 <\/p><p> Indiana Jones\/Kung fu panda &#8212; 56 88 02 02, Lasnam\u00e4e Pae 80 <\/p><p> Farcry 2 &#8212; 56 88 02 02, Lasnam\u00e4e Pae 80 <\/p><p> Angry birds trilogy &#8212; 56 88 02 02, Lasnam\u00e4e Pae 80 <\/p><p> Minecraft XBOX 360 Edition, Vilde 96\u00a0 <\/p><p> Assassin&#8217;S Creed 4 Black Flag, Vilde 96\u00a0 <\/p><p> Call of Duty 4 Modern Warfare, Vilde 96\u00a0 <\/p><p> Dynasty Warriors 8, Vilde 96\u00a0 <\/p><p> Band Hero 58 39 39 09 , Vilde tee 96 <\/p><p> NBA Live 09, Vilde 96\u00a058393909 <\/p><p> Mass Effect 3 5cd, Vilde 96\u00a0 \u00a020 eurot\u00a058393909 <\/p><p> Kinect Sports Season Two\u00a0Vilde 96\u00a058393909 <\/p><p> Fifa 09\u00a0Vilde 96\u00a058393909 <\/p><p> Tekken 6\u00a058 39 39 09 , Vilde tee 96 <\/p><p> Just Dance 3 special edition\u00a058 39 39 09 , Vilde tee 96 <\/p><p> Bioshock 2\u00a058 39 39 09 , Vilde tee 96 <\/p><p> Your Shape Fitness evolved 2012\u00a058 39 39 09 , Vilde tee 96 <\/p><p> Call of Duty Modern Warfare 2\u00a0Vilde tee 96 <\/p><p> The Darkness 2\u00a0Vilde tee 96 <\/p><p> Batman Arkham City\u00a0Vilde tee 96 <\/p><p> Dirt 3\u00a0Vilde tee 96 <\/p><p> Farcry 3\u00a0Vilde tee 96 <\/p><p> Ghost Recon 1 and 2\u00a0Vilde tee 96 <\/p><p> Forza motorsport 4\u00a0Vilde tee 96 <\/p><p> Forza horizon\u00a0Vilde tee 96 <\/p><p> Fifa 15 Vilde tee 96 <\/p><p> Kung Fu Panda 2 Kinect Vilde tee 96 <\/p><p> Disney Pixar Cars 2 Vilde tee 96 <\/p><p> Fifa 15\u00a0Vilde tee 96 <\/p><p> Sniper 2Forza Motorsport 3\u00a0Vilde tee 96 <\/p><p> Grand Therft Auto\u00a0Vilde tee 96 <\/p><p> Pure\/Batman\u00a0Vilde tee 96 <\/p><p> Dead or alive 4\u00a0Vilde tee 96 <\/p><p> NHL 13\u00a0Vilde tee 96 <\/p><p> NHL 15\u00a0Vilde tee 96 <\/p><p> Bioshock 2\u00a0Vilde tee 96 <\/p><p> Mortal Kombat\u00a0Vilde tee 96 <\/p>\n","protected":false},"excerpt":{"rendered":"<p>M\u00fc\u00fcakse\u00a0XBOX 360 M\u00e4ngud! \u2014\u2014\u2014\u2014\u2014\u2014\u2014\u2014\u2014\u2014\u2014\u2014\u2014\u2014\u2014\u2014\u2014\u2014\u2014\u2014\u2014\u2014- Tiger Woods PGA Tour 08 \u2014 56 88 02 02, Lasnam\u00e4e Pae 80 Rock band &#8212; 56 88 02 02, Lasnam\u00e4e Pae 80 Street Fighter IV -* 56 88 02 02, Lasnam\u00e4e Pae 80 WRC FIA world rally 2 &#8212; 56 88 02 02, Lasnam\u00e4e Pae 80 Forza motorsport 4 &#8212; [&hellip;]<\/p>\n","protected":false},"featured_media":21335,"comment_status":"closed","ping_status":"open","template":"","meta":{"inline_featured_image":false},"product_brand":[],"product_cat":[175],"product_tag":[],"class_list":{"0":"post-21334","1":"product","2":"type-product","3":"status-publish","4":"has-post-thumbnail","6":"product_cat-vsyo-dlya-pristavok","7":"pa_seisukord-ispolzovano","9":"first","10":"instock","11":"taxable","12":"shipping-taxable","13":"purchasable","14":"product-type-simple"},"_links":{"self":[{"href":"https:\/\/a-pant.ee\/ru\/wp-json\/wp\/v2\/product\/21334","targetHints":{"allow":["GET"]}}],"collection":[{"href":"https:\/\/a-pant.ee\/ru\/wp-json\/wp\/v2\/product"}],"about":[{"href":"https:\/\/a-pant.ee\/ru\/wp-json\/wp\/v2\/types\/product"}],"replies":[{"embeddable":true,"href":"https:\/\/a-pant.ee\/ru\/wp-json\/wp\/v2\/comments?post=21334"}],"wp:featuredmedia":[{"embeddable":true,"href":"https:\/\/a-pant.ee\/ru\/wp-json\/wp\/v2\/media\/21335"}],"wp:attachment":[{"href":"https:\/\/a-pant.ee\/ru\/wp-json\/wp\/v2\/media?parent=21334"}],"wp:term":[{"taxonomy":"product_brand","embeddable":true,"href":"https:\/\/a-pant.ee\/ru\/wp-json\/wp\/v2\/product_brand?post=21334"},{"taxonomy":"product_cat","embeddable":true,"href":"https:\/\/a-pant.ee\/ru\/wp-json\/wp\/v2\/product_cat?post=21334"},{"taxonomy":"product_tag","embeddable":true,"href":"https:\/\/a-pant.ee\/ru\/wp-json\/wp\/v2\/product_tag?post=21334"}],"curies":[{"name":"wp","href":"https:\/\/api.w.org\/{rel}","templated":true}]}}