{"id":21307,"date":"2026-02-03T22:45:58","date_gmt":"2026-02-03T19:45:58","guid":{"rendered":"https:\/\/a-pant.ee\/product\/akudrel-makita-dtd152-akku-5ah\/"},"modified":"2026-02-22T12:52:38","modified_gmt":"2026-02-22T09:52:38","slug":"akudrel-makita-dtd152-aku-5ah","status":"publish","type":"product","link":"https:\/\/a-pant.ee\/ru\/product\/akudrel-makita-dtd152-aku-5ah\/","title":{"rendered":"\u0410\u043a\u0443\u0434\u0440\u0435\u043b\u044c Makita DTD152 + \u0430\u043a\u0443 5ah"},"content":{"rendered":"\n<p> Akutrell Makita DTD152 18v + aku 5ah\u00a0heas seisu- ja t\u00f6\u00f6korras! <strong> \u00a0 <\/strong><\/p><hr><p> P\u00f6\u00f6retearv (min-1) 0-2900 <br \/> Maks. pingutusmoment165 Nm <br \/> Standardse poldi pingutusv\u00f5ime M5-M16 <br \/> Masinkruvi M4-M8 <br \/> K\u00f5rgpingutuspoldi pingutusv\u00f5ime M5-M12 <br \/> L\u00f6\u00f6gisagedus (min-1) 0-3500 <br \/> Heliv\u00f5imsuse tase (LWA)104 dB(A) <br \/> Helir\u00f5hu tase (LpA)93 dB(A) <br \/> M\u00e4\u00e4ramatu m\u00fcra (K faktor)3 dB(A) <br \/> Vibratsioonitase (3 teljel), poltide kinnitamisel 10,5 m\/sec\u00b2 <br \/> M\u00e4\u00e4ramatu vibratsioon (K faktor)1,5 m\/sec\u00b2 <br \/> Kaal koos standardse akuga (EPTA-Protseduur 01\/2003)1,5 kg <\/p>\n","protected":false},"excerpt":{"rendered":"<p>Akutrell Makita DTD152 18v + aku 5ah\u00a0heas seisu- ja t\u00f6\u00f6korras! \u00a0 P\u00f6\u00f6retearv (min-1) 0-2900 Maks. pingutusmoment165 Nm Standardse poldi pingutusv\u00f5ime M5-M16 Masinkruvi M4-M8 K\u00f5rgpingutuspoldi pingutusv\u00f5ime M5-M12 L\u00f6\u00f6gisagedus (min-1) 0-3500 Heliv\u00f5imsuse tase (LWA)104 dB(A) Helir\u00f5hu tase (LpA)93 dB(A) M\u00e4\u00e4ramatu m\u00fcra (K faktor)3 dB(A) Vibratsioonitase (3 teljel), poltide kinnitamisel 10,5 m\/sec\u00b2 M\u00e4\u00e4ramatu vibratsioon (K faktor)1,5 m\/sec\u00b2 Kaal [&hellip;]<\/p>\n","protected":false},"featured_media":21308,"comment_status":"closed","ping_status":"open","template":"","meta":{"inline_featured_image":false},"product_brand":[],"product_cat":[221],"product_tag":[],"class_list":{"0":"post-21307","1":"product","2":"type-product","3":"status-publish","4":"has-post-thumbnail","6":"product_cat-akkumulyatornye-dreli","7":"pa_asukoht-mustamae","8":"pa_seisukord-ispolzovano","10":"first","11":"instock","12":"taxable","13":"shipping-taxable","14":"purchasable","15":"product-type-simple"},"_links":{"self":[{"href":"https:\/\/a-pant.ee\/ru\/wp-json\/wp\/v2\/product\/21307","targetHints":{"allow":["GET"]}}],"collection":[{"href":"https:\/\/a-pant.ee\/ru\/wp-json\/wp\/v2\/product"}],"about":[{"href":"https:\/\/a-pant.ee\/ru\/wp-json\/wp\/v2\/types\/product"}],"replies":[{"embeddable":true,"href":"https:\/\/a-pant.ee\/ru\/wp-json\/wp\/v2\/comments?post=21307"}],"wp:featuredmedia":[{"embeddable":true,"href":"https:\/\/a-pant.ee\/ru\/wp-json\/wp\/v2\/media\/21308"}],"wp:attachment":[{"href":"https:\/\/a-pant.ee\/ru\/wp-json\/wp\/v2\/media?parent=21307"}],"wp:term":[{"taxonomy":"product_brand","embeddable":true,"href":"https:\/\/a-pant.ee\/ru\/wp-json\/wp\/v2\/product_brand?post=21307"},{"taxonomy":"product_cat","embeddable":true,"href":"https:\/\/a-pant.ee\/ru\/wp-json\/wp\/v2\/product_cat?post=21307"},{"taxonomy":"product_tag","embeddable":true,"href":"https:\/\/a-pant.ee\/ru\/wp-json\/wp\/v2\/product_tag?post=21307"}],"curies":[{"name":"wp","href":"https:\/\/api.w.org\/{rel}","templated":true}]}}