{"id":21302,"date":"2026-02-03T22:45:58","date_gmt":"2026-02-03T19:45:58","guid":{"rendered":"https:\/\/a-pant.ee\/product\/quante-ql-205-ds-interernyj-lazer\/"},"modified":"2026-02-22T12:52:38","modified_gmt":"2026-02-22T09:52:38","slug":"quante-ql-205-ds-interernyj-lazer-korobka-pult","status":"publish","type":"product","link":"https:\/\/a-pant.ee\/ru\/product\/quante-ql-205-ds-interernyj-lazer-korobka-pult\/","title":{"rendered":"Quante QL 205 DS \u0438\u043d\u0442\u0435\u0440\u044c\u0435\u0440\u043d\u044b\u0439 \u043b\u0430\u0437\u0435\u0440 + \u043a\u043e\u0440\u043e\u0431\u043a\u0430 + \u043f\u0443\u043b\u044c\u0442"},"content":{"rendered":"\n<p> Quante QL 205 DS Rotationslaser Baulaser, heas seisu- ja t\u00f6\u00f6korras! <\/p><p><strong> \u00a0 <\/strong><b> Pult ei laeb <\/b><\/p><p> KIRJELDUS <\/p><p> Laserdiood: lainepikkus \u00cf = 635nm (n\u00e4htav) <br \/> Laserklass: 2 DIN EN 60825-1: 2001-11 <br \/> T\u00f6\u00f6ulatus: Line-Markeriga siseruumides kuni 50m <br \/> koos anduriga QL 312 min. 150m raadius <br \/> Kaugjuhtimispult: 6 kanaliga, t\u00f6\u00f6ulatus A-teljel kuni 50m <br \/> T\u00f6\u00f6re\u017eiimid: valitavad p\u00f6\u00f6rded: 300 min\u00af1 <br \/> \/ 100 min\u00af1 <br \/> Joonemarker (valitav: 2 \u00b0, 5 \u00b0, 30 \u00b0, 60 \u00b0) <br \/> Laserkoht, 5mm \u00f8 <br \/> T\u00f6\u00f6aeg: 12h <br \/> Aku: NiCd, mikroprotsessoriga juhitav kiirlaadimine <br \/> umbes 4h ilma m\u00e4luefektita, \u00fclekoormuskaitse <br \/> T\u00e4psus: \u00b1 10 \u201d(\u00b1 5 mm \/ 100 m) <br \/> Isetasanduv vahemik: t\u00e4isautomaatne, \u00b1 4 \u00b0 <br \/> Temperatuurivahemik: -15 \u00b0 C \u2013 + 50 \u00b0 C <br \/> Kaal: 1,5 kg <br \/> Veekaitse: IP66 (vee- ja tolmukindel) <br \/> Pult <br \/> IR-kaugjuhtimispult <br \/> T\u00f6\u00f6ulatus: kuni 80m <br \/> Veekindel: IP 66 <br \/> Aku: 9V \/ 500mA, leeliseline <\/p>\n","protected":false},"excerpt":{"rendered":"<p>Quante QL 205 DS Rotationslaser Baulaser, heas seisu- ja t\u00f6\u00f6korras! \u00a0 Pult ei laeb KIRJELDUS Laserdiood: lainepikkus \u00cf = 635nm (n\u00e4htav) Laserklass: 2 DIN EN 60825-1: 2001-11 T\u00f6\u00f6ulatus: Line-Markeriga siseruumides kuni 50m koos anduriga QL 312 min. 150m raadius Kaugjuhtimispult: 6 kanaliga, t\u00f6\u00f6ulatus A-teljel kuni 50m T\u00f6\u00f6re\u017eiimid: valitavad p\u00f6\u00f6rded: 300 min\u00af1 \/ 100 min\u00af1 Joonemarker [&hellip;]<\/p>\n","protected":false},"featured_media":21303,"comment_status":"closed","ping_status":"open","template":"","meta":{"inline_featured_image":false},"product_brand":[],"product_cat":[232],"product_tag":[],"class_list":{"0":"post-21302","1":"product","2":"type-product","3":"status-publish","4":"has-post-thumbnail","6":"product_cat-lazernye-niveliry","7":"pa_asukoht-mustamae","8":"pa_seisukord-ispolzovano","10":"first","11":"instock","12":"taxable","13":"shipping-taxable","14":"purchasable","15":"product-type-simple"},"_links":{"self":[{"href":"https:\/\/a-pant.ee\/ru\/wp-json\/wp\/v2\/product\/21302","targetHints":{"allow":["GET"]}}],"collection":[{"href":"https:\/\/a-pant.ee\/ru\/wp-json\/wp\/v2\/product"}],"about":[{"href":"https:\/\/a-pant.ee\/ru\/wp-json\/wp\/v2\/types\/product"}],"replies":[{"embeddable":true,"href":"https:\/\/a-pant.ee\/ru\/wp-json\/wp\/v2\/comments?post=21302"}],"wp:featuredmedia":[{"embeddable":true,"href":"https:\/\/a-pant.ee\/ru\/wp-json\/wp\/v2\/media\/21303"}],"wp:attachment":[{"href":"https:\/\/a-pant.ee\/ru\/wp-json\/wp\/v2\/media?parent=21302"}],"wp:term":[{"taxonomy":"product_brand","embeddable":true,"href":"https:\/\/a-pant.ee\/ru\/wp-json\/wp\/v2\/product_brand?post=21302"},{"taxonomy":"product_cat","embeddable":true,"href":"https:\/\/a-pant.ee\/ru\/wp-json\/wp\/v2\/product_cat?post=21302"},{"taxonomy":"product_tag","embeddable":true,"href":"https:\/\/a-pant.ee\/ru\/wp-json\/wp\/v2\/product_tag?post=21302"}],"curies":[{"name":"wp","href":"https:\/\/api.w.org\/{rel}","templated":true}]}}