{"id":21296,"date":"2026-02-03T22:45:58","date_gmt":"2026-02-03T19:45:58","guid":{"rendered":"https:\/\/a-pant.ee\/product\/krestovoy-lazer-limit-1001-hv-g-zelenyy\/"},"modified":"2026-02-22T12:52:37","modified_gmt":"2026-02-22T09:52:37","slug":"krestovoj-lazer-limit-1001-hv-g-zelyonyj","status":"publish","type":"product","link":"https:\/\/a-pant.ee\/ru\/product\/krestovoj-lazer-limit-1001-hv-g-zelyonyj\/","title":{"rendered":"\u041a\u0440\u0435\u0441\u0442\u043e\u0432\u043e\u0439 \u043b\u0430\u0437\u0435\u0440 Limit 1001 HV-G \u0417\u0435\u043b\u0451\u043d\u044b\u0439"},"content":{"rendered":"\n<p><b> Ristlaser Limit 1001 HV-G \u2013 rohelise kiirega <\/b> , heas seisu- ja t\u00f6\u00f6korras! <\/p><p> + kott <\/p><p> KIRJELDUS <\/p><p> Nivelleerimisvahemik: +\/- 3\u00b0 <br \/> T\u00e4psus:\u00a0\u00b1 3 mm\/10 m <br \/> Kaitseklass: IP 54 <br \/> Patareid: 3 x AA <br \/> T\u00f6\u00f6aeg: 10 tundi <br \/> T\u00f6\u00f6temperatuur: -10\u2026 +50 kraadi <br \/> T\u00f6\u00f6aeg: 6-8 h <br \/> Keere:\u00a0\u00bc\u201d <br \/> M\u00f5\u00f5dud:\u00a00 x 90 x 65 <br \/> Kaal: 365 g <\/p>\n","protected":false},"excerpt":{"rendered":"<p>Ristlaser Limit 1001 HV-G \u2013 rohelise kiirega , heas seisu- ja t\u00f6\u00f6korras! + kott KIRJELDUS Nivelleerimisvahemik: +\/- 3\u00b0 T\u00e4psus:\u00a0\u00b1 3 mm\/10 m Kaitseklass: IP 54 Patareid: 3 x AA T\u00f6\u00f6aeg: 10 tundi T\u00f6\u00f6temperatuur: -10\u2026 +50 kraadi T\u00f6\u00f6aeg: 6-8 h Keere:\u00a0\u00bc\u201d M\u00f5\u00f5dud:\u00a00 x 90 x 65 Kaal: 365 g<\/p>\n","protected":false},"featured_media":21297,"comment_status":"closed","ping_status":"open","template":"","meta":{"inline_featured_image":false},"product_brand":[],"product_cat":[232],"product_tag":[],"class_list":{"0":"post-21296","1":"product","2":"type-product","3":"status-publish","4":"has-post-thumbnail","6":"product_cat-lazernye-niveliry","7":"pa_asukoht-mustamae","8":"pa_seisukord-ispolzovano","10":"first","11":"instock","12":"taxable","13":"shipping-taxable","14":"purchasable","15":"product-type-simple"},"_links":{"self":[{"href":"https:\/\/a-pant.ee\/ru\/wp-json\/wp\/v2\/product\/21296","targetHints":{"allow":["GET"]}}],"collection":[{"href":"https:\/\/a-pant.ee\/ru\/wp-json\/wp\/v2\/product"}],"about":[{"href":"https:\/\/a-pant.ee\/ru\/wp-json\/wp\/v2\/types\/product"}],"replies":[{"embeddable":true,"href":"https:\/\/a-pant.ee\/ru\/wp-json\/wp\/v2\/comments?post=21296"}],"wp:featuredmedia":[{"embeddable":true,"href":"https:\/\/a-pant.ee\/ru\/wp-json\/wp\/v2\/media\/21297"}],"wp:attachment":[{"href":"https:\/\/a-pant.ee\/ru\/wp-json\/wp\/v2\/media?parent=21296"}],"wp:term":[{"taxonomy":"product_brand","embeddable":true,"href":"https:\/\/a-pant.ee\/ru\/wp-json\/wp\/v2\/product_brand?post=21296"},{"taxonomy":"product_cat","embeddable":true,"href":"https:\/\/a-pant.ee\/ru\/wp-json\/wp\/v2\/product_cat?post=21296"},{"taxonomy":"product_tag","embeddable":true,"href":"https:\/\/a-pant.ee\/ru\/wp-json\/wp\/v2\/product_tag?post=21296"}],"curies":[{"name":"wp","href":"https:\/\/api.w.org\/{rel}","templated":true}]}}