{"id":21291,"date":"2026-02-03T22:45:58","date_gmt":"2026-02-03T19:45:58","guid":{"rendered":"https:\/\/a-pant.ee\/product\/akkumulyatornyy-nabor-dreley-2x5-0ah-ds18dbl-wh18dbd\/"},"modified":"2026-02-22T12:52:37","modified_gmt":"2026-02-22T09:52:37","slug":"akkumulyatornyj-nabor-drelej-2x5-0ah-ds18dbsl-wh18dbd","status":"publish","type":"product","link":"https:\/\/a-pant.ee\/ru\/product\/akkumulyatornyj-nabor-drelej-2x5-0ah-ds18dbsl-wh18dbd\/","title":{"rendered":"\u0410\u043a\u043a\u0443\u043c\u0443\u043b\u044f\u0442\u043e\u0440\u043d\u044b\u0439 \u043d\u0430\u0431\u043e\u0440 \u0434\u0440\u0435\u043b\u0435\u0439 2&#215;5.0Ah DS18DBSL + WH18DBD"},"content":{"rendered":"\n<p> Akut\u00f6\u00f6riistade komplekt 2&#215;5,0Ah DS18DBSL+WH18DBDL2 harjadeta\u00a0heas seisu- ja t\u00f6\u00f6korras! <\/p><p> laadija <\/p><p> Pinge: 18V <br \/> Aku: 2 x 5,0 Ah \/ Li-ion <br \/> Masinkruvi: 6 mm <br \/> Padrun: 1.5-13 mm <br \/> Laadimisaeg: 75 min <br \/> Maks. v\u00e4\u00e4ndemoment: 136 Nm <br \/> P\u00f6\u00f6rete arv koormuseta: 0-2100 p\/min <br \/> S\u00f6eharjadeta mootor: jah <br \/> Maks. puuril\u00e4bim\u00f5\u00f5t puit: 76 mm <br \/> Maks. puuril\u00e4bim\u00f5\u00f5t metall: 13 mm <br \/> Maks. kruvil\u00e4bim\u00f5\u00f5t: 10&#215;90 mm <br \/> Vibratsiooni tase (3D): 2.5 m\/s\u00b2 <br \/> Kogupikkus: 204 mm <\/p><p> WH18DBDL2 <\/p><p> Batteries2 Lithium ion batteries required. (included) <\/p><p> Is Discontinued By ManufacturerNo <\/p><p> StyleHitachi WH18DBDL2 <\/p><p> Power SourceBattery <\/p><p> Voltage18 volts <\/p><p> Wattage54 watts <\/p><p> Torque1832 in-lb <\/p>\n","protected":false},"excerpt":{"rendered":"<p>Akut\u00f6\u00f6riistade komplekt 2&#215;5,0Ah DS18DBSL+WH18DBDL2 harjadeta\u00a0heas seisu- ja t\u00f6\u00f6korras! laadija Pinge: 18V Aku: 2 x 5,0 Ah \/ Li-ion Masinkruvi: 6 mm Padrun: 1.5-13 mm Laadimisaeg: 75 min Maks. v\u00e4\u00e4ndemoment: 136 Nm P\u00f6\u00f6rete arv koormuseta: 0-2100 p\/min S\u00f6eharjadeta mootor: jah Maks. puuril\u00e4bim\u00f5\u00f5t puit: 76 mm Maks. puuril\u00e4bim\u00f5\u00f5t metall: 13 mm Maks. kruvil\u00e4bim\u00f5\u00f5t: 10&#215;90 mm Vibratsiooni tase [&hellip;]<\/p>\n","protected":false},"featured_media":21292,"comment_status":"closed","ping_status":"open","template":"","meta":{"inline_featured_image":false},"product_brand":[],"product_cat":[221],"product_tag":[],"class_list":{"0":"post-21291","1":"product","2":"type-product","3":"status-publish","4":"has-post-thumbnail","6":"product_cat-akkumulyatornye-dreli","7":"pa_asukoht-mustamae","8":"pa_seisukord-ispolzovano","10":"first","11":"instock","12":"taxable","13":"shipping-taxable","14":"purchasable","15":"product-type-simple"},"_links":{"self":[{"href":"https:\/\/a-pant.ee\/ru\/wp-json\/wp\/v2\/product\/21291","targetHints":{"allow":["GET"]}}],"collection":[{"href":"https:\/\/a-pant.ee\/ru\/wp-json\/wp\/v2\/product"}],"about":[{"href":"https:\/\/a-pant.ee\/ru\/wp-json\/wp\/v2\/types\/product"}],"replies":[{"embeddable":true,"href":"https:\/\/a-pant.ee\/ru\/wp-json\/wp\/v2\/comments?post=21291"}],"wp:featuredmedia":[{"embeddable":true,"href":"https:\/\/a-pant.ee\/ru\/wp-json\/wp\/v2\/media\/21292"}],"wp:attachment":[{"href":"https:\/\/a-pant.ee\/ru\/wp-json\/wp\/v2\/media?parent=21291"}],"wp:term":[{"taxonomy":"product_brand","embeddable":true,"href":"https:\/\/a-pant.ee\/ru\/wp-json\/wp\/v2\/product_brand?post=21291"},{"taxonomy":"product_cat","embeddable":true,"href":"https:\/\/a-pant.ee\/ru\/wp-json\/wp\/v2\/product_cat?post=21291"},{"taxonomy":"product_tag","embeddable":true,"href":"https:\/\/a-pant.ee\/ru\/wp-json\/wp\/v2\/product_tag?post=21291"}],"curies":[{"name":"wp","href":"https:\/\/api.w.org\/{rel}","templated":true}]}}