{"id":21286,"date":"2026-02-03T22:45:58","date_gmt":"2026-02-03T19:45:58","guid":{"rendered":"https:\/\/a-pant.ee\/product\/renovator-fein-fmm-250-q-quickstart\/"},"modified":"2026-02-22T12:52:37","modified_gmt":"2026-02-22T09:52:37","slug":"renovator-fein-fmm-250-q-quickstart","status":"publish","type":"product","link":"https:\/\/a-pant.ee\/ru\/product\/renovator-fein-fmm-250-q-quickstart\/","title":{"rendered":"\u0420\u0435\u043d\u043e\u0432\u0430\u0442\u043e\u0440 FEIN FMM 250 Q QuickStart"},"content":{"rendered":"\n<p> Universaalne t\u00f6\u00f6riist Fein FMM 250 Q, heas seisu- ja t\u00f6\u00f6korras! <\/p><p><strong> \u00a0 <\/strong><\/p><hr><p> 250 W <\/p><p> Liikumiskiirus\u00a010000-2000 min <\/p><p> \u00dchesuunaline v\u00f5nkumise nurk\u00a01,7\u00b0 <\/p>\n","protected":false},"excerpt":{"rendered":"<p>Universaalne t\u00f6\u00f6riist Fein FMM 250 Q, heas seisu- ja t\u00f6\u00f6korras! \u00a0 250 W Liikumiskiirus\u00a010000-2000 min \u00dchesuunaline v\u00f5nkumise nurk\u00a01,7\u00b0<\/p>\n","protected":false},"featured_media":21287,"comment_status":"closed","ping_status":"open","template":"","meta":{"inline_featured_image":false},"product_brand":[],"product_cat":[247],"product_tag":[],"class_list":{"0":"post-21286","1":"product","2":"type-product","3":"status-publish","4":"has-post-thumbnail","6":"product_cat-universalnye-instrumenty","7":"pa_asukoht-mustamae","8":"pa_seisukord-ispolzovano","10":"first","11":"instock","12":"taxable","13":"shipping-taxable","14":"purchasable","15":"product-type-simple"},"_links":{"self":[{"href":"https:\/\/a-pant.ee\/ru\/wp-json\/wp\/v2\/product\/21286","targetHints":{"allow":["GET"]}}],"collection":[{"href":"https:\/\/a-pant.ee\/ru\/wp-json\/wp\/v2\/product"}],"about":[{"href":"https:\/\/a-pant.ee\/ru\/wp-json\/wp\/v2\/types\/product"}],"replies":[{"embeddable":true,"href":"https:\/\/a-pant.ee\/ru\/wp-json\/wp\/v2\/comments?post=21286"}],"wp:featuredmedia":[{"embeddable":true,"href":"https:\/\/a-pant.ee\/ru\/wp-json\/wp\/v2\/media\/21287"}],"wp:attachment":[{"href":"https:\/\/a-pant.ee\/ru\/wp-json\/wp\/v2\/media?parent=21286"}],"wp:term":[{"taxonomy":"product_brand","embeddable":true,"href":"https:\/\/a-pant.ee\/ru\/wp-json\/wp\/v2\/product_brand?post=21286"},{"taxonomy":"product_cat","embeddable":true,"href":"https:\/\/a-pant.ee\/ru\/wp-json\/wp\/v2\/product_cat?post=21286"},{"taxonomy":"product_tag","embeddable":true,"href":"https:\/\/a-pant.ee\/ru\/wp-json\/wp\/v2\/product_tag?post=21286"}],"curies":[{"name":"wp","href":"https:\/\/api.w.org\/{rel}","templated":true}]}}