{"id":21215,"date":"2026-02-03T22:42:25","date_gmt":"2026-02-03T19:42:25","guid":{"rendered":"https:\/\/a-pant.ee\/product\/setevoy-shurupovert-hilti-sf-4000\/"},"modified":"2026-02-22T12:52:40","modified_gmt":"2026-02-22T09:52:40","slug":"setevoj-shurupovert-hilti-sf-4000","status":"publish","type":"product","link":"https:\/\/a-pant.ee\/ru\/product\/setevoj-shurupovert-hilti-sf-4000\/","title":{"rendered":"\u0421\u0435\u0442\u0435\u0432\u043e\u0439 \u0448\u0443\u0440\u0443\u043f\u043e\u0432\u0435\u0440\u0442 Hilti SF 4000"},"content":{"rendered":"\n<div><div id=\"description\"><div><p> Kruvikeeraja Hilti SF4000\u00a0Heas ja t\u00f6\u00f6korras <\/p><p> energiatarve 450 W vooluv\u00f5rk maksimaalne p\u00f6\u00f6rdemoment 7 Nm t\u00f6\u00f6kiiruste arv: 1 toitenupu lukk kaal 1,3 kg <\/p><\/div><\/div><\/div>\n","protected":false},"excerpt":{"rendered":"<p>Kruvikeeraja Hilti SF4000\u00a0Heas ja t\u00f6\u00f6korras energiatarve 450 W vooluv\u00f5rk maksimaalne p\u00f6\u00f6rdemoment 7 Nm t\u00f6\u00f6kiiruste arv: 1 toitenupu lukk kaal 1,3 kg<\/p>\n","protected":false},"featured_media":21216,"comment_status":"closed","ping_status":"open","template":"","meta":{"inline_featured_image":false},"product_brand":[],"product_cat":[231],"product_tag":[],"class_list":{"0":"post-21215","1":"product","2":"type-product","3":"status-publish","4":"has-post-thumbnail","6":"product_cat-shurupoverty","7":"pa_asukoht-mustamae","8":"pa_seisukord-ispolzovano","10":"first","11":"instock","12":"taxable","13":"shipping-taxable","14":"purchasable","15":"product-type-simple"},"_links":{"self":[{"href":"https:\/\/a-pant.ee\/ru\/wp-json\/wp\/v2\/product\/21215","targetHints":{"allow":["GET"]}}],"collection":[{"href":"https:\/\/a-pant.ee\/ru\/wp-json\/wp\/v2\/product"}],"about":[{"href":"https:\/\/a-pant.ee\/ru\/wp-json\/wp\/v2\/types\/product"}],"replies":[{"embeddable":true,"href":"https:\/\/a-pant.ee\/ru\/wp-json\/wp\/v2\/comments?post=21215"}],"wp:featuredmedia":[{"embeddable":true,"href":"https:\/\/a-pant.ee\/ru\/wp-json\/wp\/v2\/media\/21216"}],"wp:attachment":[{"href":"https:\/\/a-pant.ee\/ru\/wp-json\/wp\/v2\/media?parent=21215"}],"wp:term":[{"taxonomy":"product_brand","embeddable":true,"href":"https:\/\/a-pant.ee\/ru\/wp-json\/wp\/v2\/product_brand?post=21215"},{"taxonomy":"product_cat","embeddable":true,"href":"https:\/\/a-pant.ee\/ru\/wp-json\/wp\/v2\/product_cat?post=21215"},{"taxonomy":"product_tag","embeddable":true,"href":"https:\/\/a-pant.ee\/ru\/wp-json\/wp\/v2\/product_tag?post=21215"}],"curies":[{"name":"wp","href":"https:\/\/api.w.org\/{rel}","templated":true}]}}