{"id":21211,"date":"2026-02-03T22:42:25","date_gmt":"2026-02-03T19:42:25","guid":{"rendered":"https:\/\/a-pant.ee\/product\/pylesos-pullman-ermator-w250p\/"},"modified":"2026-02-22T12:52:40","modified_gmt":"2026-02-22T09:52:40","slug":"pylesos-pullman-ermator-mokryj-suhoj-w250p","status":"publish","type":"product","link":"https:\/\/a-pant.ee\/ru\/product\/pylesos-pullman-ermator-mokryj-suhoj-w250p\/","title":{"rendered":"\u041f\u044b\u043b\u0435\u0441\u043e\u0441 Pullman Ermator \u043c\u043e\u043a\u0440\u044b\u0439\/\u0441\u0443\u0445\u043e\u0439 W250P"},"content":{"rendered":"\n<p> Tolmuimeja Pullman m\u00e4rg\/kuiv W250P koos \u00e4ravoolu pumba ja ujukiga, heas seisu- ja t\u00f6\u00f6korras! <\/p><p><strong> ILMA K\u00c4RU, ILMA VOOLIK, ILMA TORU <\/strong><\/p><p><strong> POEHIND 2575 euro <\/strong><\/p><p><a href=\"https:\/\/www.stokker.ee\/tolmuimeja-margkuiv-w250p-koos-aravoolu-pumba-ja-ujukiga-pullman\/-1107610141\" rel=\"nofollow noopener\" target=\"_blank\"> https:\/\/www.stokker.ee\/tolmuimeja-margkuiv-w250p-koos-aravoolu-pumba-ja-ujukiga-pullman\/-1107610141 <\/a><\/p><p> KIRJELDUS <\/p><p> V\u00f5imsus, kW1,2 <\/p><p> voolu sisend1 faas <\/p><p> Paagi maht29 l <\/p><p> Pumba v\u00f5imsus0,35 kW <\/p><p> Pumba j\u00f5udlus l\/min150 <\/p><p> Max. vaakum, kPa22 <\/p><p> \u00d5huvoolu hulk m3\/h160 <\/p><p> Vooliku diameeter \u00f8 mm38 <\/p><p> Kaal27 <\/p><p> M\u00f5\u00f5dud530 x 520 x910 <\/p>\n","protected":false},"excerpt":{"rendered":"<p>Tolmuimeja Pullman m\u00e4rg\/kuiv W250P koos \u00e4ravoolu pumba ja ujukiga, heas seisu- ja t\u00f6\u00f6korras! ILMA K\u00c4RU, ILMA VOOLIK, ILMA TORU POEHIND 2575 euro https:\/\/www.stokker.ee\/tolmuimeja-margkuiv-w250p-koos-aravoolu-pumba-ja-ujukiga-pullman\/-1107610141 KIRJELDUS V\u00f5imsus, kW1,2 voolu sisend1 faas Paagi maht29 l Pumba v\u00f5imsus0,35 kW Pumba j\u00f5udlus l\/min150 Max. vaakum, kPa22 \u00d5huvoolu hulk m3\/h160 Vooliku diameeter \u00f8 mm38 Kaal27 M\u00f5\u00f5dud530 x 520 x910<\/p>\n","protected":false},"featured_media":21212,"comment_status":"closed","ping_status":"closed","template":"","meta":{"inline_featured_image":false},"product_brand":[],"product_cat":[245],"product_tag":[],"class_list":{"0":"post-21211","1":"product","2":"type-product","3":"status-publish","4":"has-post-thumbnail","6":"product_cat-stroitelnye-pylesosy","7":"product_shipping_class-oversize","8":"pa_asukoht-mustamae","9":"pa_seisukord-ispolzovano","11":"first","12":"instock","13":"taxable","14":"shipping-taxable","15":"purchasable","16":"product-type-simple"},"_links":{"self":[{"href":"https:\/\/a-pant.ee\/ru\/wp-json\/wp\/v2\/product\/21211","targetHints":{"allow":["GET"]}}],"collection":[{"href":"https:\/\/a-pant.ee\/ru\/wp-json\/wp\/v2\/product"}],"about":[{"href":"https:\/\/a-pant.ee\/ru\/wp-json\/wp\/v2\/types\/product"}],"replies":[{"embeddable":true,"href":"https:\/\/a-pant.ee\/ru\/wp-json\/wp\/v2\/comments?post=21211"}],"wp:featuredmedia":[{"embeddable":true,"href":"https:\/\/a-pant.ee\/ru\/wp-json\/wp\/v2\/media\/21212"}],"wp:attachment":[{"href":"https:\/\/a-pant.ee\/ru\/wp-json\/wp\/v2\/media?parent=21211"}],"wp:term":[{"taxonomy":"product_brand","embeddable":true,"href":"https:\/\/a-pant.ee\/ru\/wp-json\/wp\/v2\/product_brand?post=21211"},{"taxonomy":"product_cat","embeddable":true,"href":"https:\/\/a-pant.ee\/ru\/wp-json\/wp\/v2\/product_cat?post=21211"},{"taxonomy":"product_tag","embeddable":true,"href":"https:\/\/a-pant.ee\/ru\/wp-json\/wp\/v2\/product_tag?post=21211"}],"curies":[{"name":"wp","href":"https:\/\/api.w.org\/{rel}","templated":true}]}}