{"id":21199,"date":"2026-02-03T22:42:25","date_gmt":"2026-02-03T19:42:25","guid":{"rendered":"https:\/\/a-pant.ee\/product\/akkumulyatornaya-sabelnaya-pila-milwaukee-m12-fuel\/"},"modified":"2026-02-22T12:52:40","modified_gmt":"2026-02-22T09:52:40","slug":"akkumulyatornaya-sabelnaya-pila-milwaukee-m12-fuel-chz-402c","status":"publish","type":"product","link":"https:\/\/a-pant.ee\/ru\/product\/akkumulyatornaya-sabelnaya-pila-milwaukee-m12-fuel-chz-402c\/","title":{"rendered":"\u0410\u043a\u043a\u0443\u043c\u0443\u043b\u044f\u0442\u043e\u0440\u043d\u0430\u044f \u0441\u0430\u0431\u0435\u043b\u044c\u043d\u0430\u044f \u043f\u0438\u043b\u0430 Milwaukee M12 FUEL CHZ-402C"},"content":{"rendered":"\n<p> Akutigersaag <strong> Milwaukee M12 FUEL CHZ-402C <\/strong> , heas seisu- ja t\u00f6\u00f6korras! <\/p><p> Pinge: 12V <br \/> Aku:\u00a0 4,0 Ah <br \/> Laadija: 80 min <br \/> Koormuseta k\u00e4igusagedus: 0 &#8212; 3000 k\/min <br \/> Kaal koos akuga: 1.6 kg <br \/> K\u00e4igupikkus: 15.9 mm <br \/> M\u00fcrar\u00f5hutase: 82.9 dB(A) <br \/> M\u00fcrav\u00f5imsustase: 93.9 dB(A) <br \/> L\u00f5ikamisel esinev vibratsioon: 5.7 m\/s\u00b2 <\/p>\n","protected":false},"excerpt":{"rendered":"<p>Akutigersaag Milwaukee M12 FUEL CHZ-402C , heas seisu- ja t\u00f6\u00f6korras! Pinge: 12V Aku:\u00a0 4,0 Ah Laadija: 80 min Koormuseta k\u00e4igusagedus: 0 &#8212; 3000 k\/min Kaal koos akuga: 1.6 kg K\u00e4igupikkus: 15.9 mm M\u00fcrar\u00f5hutase: 82.9 dB(A) M\u00fcrav\u00f5imsustase: 93.9 dB(A) L\u00f5ikamisel esinev vibratsioon: 5.7 m\/s\u00b2<\/p>\n","protected":false},"featured_media":21200,"comment_status":"closed","ping_status":"open","template":"","meta":{"inline_featured_image":false},"product_brand":[],"product_cat":[243],"product_tag":[],"class_list":{"0":"post-21199","1":"product","2":"type-product","3":"status-publish","4":"has-post-thumbnail","6":"product_cat-sabelnye-pily","7":"pa_asukoht-lasnamae","8":"pa_seisukord-ispolzovano","10":"first","11":"instock","12":"taxable","13":"shipping-taxable","14":"purchasable","15":"product-type-simple"},"_links":{"self":[{"href":"https:\/\/a-pant.ee\/ru\/wp-json\/wp\/v2\/product\/21199","targetHints":{"allow":["GET"]}}],"collection":[{"href":"https:\/\/a-pant.ee\/ru\/wp-json\/wp\/v2\/product"}],"about":[{"href":"https:\/\/a-pant.ee\/ru\/wp-json\/wp\/v2\/types\/product"}],"replies":[{"embeddable":true,"href":"https:\/\/a-pant.ee\/ru\/wp-json\/wp\/v2\/comments?post=21199"}],"wp:featuredmedia":[{"embeddable":true,"href":"https:\/\/a-pant.ee\/ru\/wp-json\/wp\/v2\/media\/21200"}],"wp:attachment":[{"href":"https:\/\/a-pant.ee\/ru\/wp-json\/wp\/v2\/media?parent=21199"}],"wp:term":[{"taxonomy":"product_brand","embeddable":true,"href":"https:\/\/a-pant.ee\/ru\/wp-json\/wp\/v2\/product_brand?post=21199"},{"taxonomy":"product_cat","embeddable":true,"href":"https:\/\/a-pant.ee\/ru\/wp-json\/wp\/v2\/product_cat?post=21199"},{"taxonomy":"product_tag","embeddable":true,"href":"https:\/\/a-pant.ee\/ru\/wp-json\/wp\/v2\/product_tag?post=21199"}],"curies":[{"name":"wp","href":"https:\/\/api.w.org\/{rel}","templated":true}]}}