{"id":21158,"date":"2026-02-03T22:38:48","date_gmt":"2026-02-03T19:38:48","guid":{"rendered":"https:\/\/a-pant.ee\/product\/gajkovert-bosch-gds-18-v-li-ht-komplekt-kak-novyj\/"},"modified":"2026-02-22T12:56:31","modified_gmt":"2026-02-22T09:56:31","slug":"gajkovert-bosch-gds-18-v-li-ht-komplekt-kak-novyj","status":"publish","type":"product","link":"https:\/\/a-pant.ee\/ru\/product\/gajkovert-bosch-gds-18-v-li-ht-komplekt-kak-novyj\/","title":{"rendered":"\u0413\u0430\u0439\u043a\u043e\u0432\u0435\u0440\u0442 BOSCH GDS 18 V-LI HT \u041a\u043e\u043c\u043f\u043b\u0435\u043a\u0442, \u043a\u0430\u043a \u041d\u041e\u0412\u042b\u0419"},"content":{"rendered":"\n<p><b> Akul\u00f6\u00f6kmutrikeeraja Bosch GDS 18 V-LI HT Komplekt, nagu UUS <\/b> , heas seisu- ja t\u00f6\u00f6korras! <\/p><p> Komplektis on:\u00a0akul\u00f6\u00f6kmutrikeeraja, 2tk aku 4.0Ah, laadija, kohver. <\/p><hr><p> Spetsifikatsiooni \u00fclevaade <\/p><p> P\u00f6\u00f6reteta kiirus: 0-1,900 p \/ min <\/p><p> P\u00f6\u00f6rdemoment, maks .: 650 Nm <\/p><p> L\u00f6\u00f6gikiirus: 0\u20132,100 l\u00f6\u00f6ki minutis <\/p><p> Aku pinge: 18 V <\/p><p> T\u00f6\u00f6riistahoidik: 1\/2 &#171;v\u00e4line ruut <\/p><p> Kruvi l\u00e4bim\u00f5\u00f5t <\/p><p> Kruvi l\u00e4bim\u00f5\u00f5t: M 12 &#8212; M 20 <\/p><p> Maksimaalse lubatud suurusega kruvid ja mutrid <\/p><p> Vibratsiooniemissiooni v\u00e4\u00e4rtus ah: 12,5 m \/ s\u00b2 <\/p><p> M\u00e4\u00e4ramatus K: 3,4 m \/ s\u00b2 <\/p>\n","protected":false},"excerpt":{"rendered":"<p>Akul\u00f6\u00f6kmutrikeeraja Bosch GDS 18 V-LI HT Komplekt, nagu UUS , heas seisu- ja t\u00f6\u00f6korras! Komplektis on:\u00a0akul\u00f6\u00f6kmutrikeeraja, 2tk aku 4.0Ah, laadija, kohver. Spetsifikatsiooni \u00fclevaade P\u00f6\u00f6reteta kiirus: 0-1,900 p \/ min P\u00f6\u00f6rdemoment, maks .: 650 Nm L\u00f6\u00f6gikiirus: 0\u20132,100 l\u00f6\u00f6ki minutis Aku pinge: 18 V T\u00f6\u00f6riistahoidik: 1\/2 &#171;v\u00e4line ruut Kruvi l\u00e4bim\u00f5\u00f5t Kruvi l\u00e4bim\u00f5\u00f5t: M 12 &#8212; M 20 [&hellip;]<\/p>\n","protected":false},"featured_media":21159,"comment_status":"closed","ping_status":"open","template":"","meta":{"inline_featured_image":false},"product_brand":[],"product_cat":[221],"product_tag":[],"class_list":{"0":"post-21158","1":"product","2":"type-product","3":"status-publish","4":"has-post-thumbnail","6":"product_cat-akkumulyatornye-dreli","7":"pa_asukoht-lasnamae","8":"pa_seisukord-ispolzovano","10":"first","11":"instock","12":"taxable","13":"shipping-taxable","14":"purchasable","15":"product-type-simple"},"_links":{"self":[{"href":"https:\/\/a-pant.ee\/ru\/wp-json\/wp\/v2\/product\/21158","targetHints":{"allow":["GET"]}}],"collection":[{"href":"https:\/\/a-pant.ee\/ru\/wp-json\/wp\/v2\/product"}],"about":[{"href":"https:\/\/a-pant.ee\/ru\/wp-json\/wp\/v2\/types\/product"}],"replies":[{"embeddable":true,"href":"https:\/\/a-pant.ee\/ru\/wp-json\/wp\/v2\/comments?post=21158"}],"wp:featuredmedia":[{"embeddable":true,"href":"https:\/\/a-pant.ee\/ru\/wp-json\/wp\/v2\/media\/21159"}],"wp:attachment":[{"href":"https:\/\/a-pant.ee\/ru\/wp-json\/wp\/v2\/media?parent=21158"}],"wp:term":[{"taxonomy":"product_brand","embeddable":true,"href":"https:\/\/a-pant.ee\/ru\/wp-json\/wp\/v2\/product_brand?post=21158"},{"taxonomy":"product_cat","embeddable":true,"href":"https:\/\/a-pant.ee\/ru\/wp-json\/wp\/v2\/product_cat?post=21158"},{"taxonomy":"product_tag","embeddable":true,"href":"https:\/\/a-pant.ee\/ru\/wp-json\/wp\/v2\/product_tag?post=21158"}],"curies":[{"name":"wp","href":"https:\/\/api.w.org\/{rel}","templated":true}]}}