{"id":21145,"date":"2026-02-03T22:38:48","date_gmt":"2026-02-03T19:38:48","guid":{"rendered":"https:\/\/a-pant.ee\/product\/apple-macbook-air-13-a1466-mid-2015\/"},"modified":"2026-02-22T12:56:31","modified_gmt":"2026-02-22T09:56:31","slug":"apple-macbook-air-13-a1466-mid-2015","status":"publish","type":"product","link":"https:\/\/a-pant.ee\/ru\/product\/apple-macbook-air-13-a1466-mid-2015\/","title":{"rendered":"Apple Macbook Air 13 A1466 Mid 2015"},"content":{"rendered":"\n<p> Apple Macbook Air 13 A1466 Mid 2015, heas seisu- ja t\u00f6\u00f6korras! <\/p><p> laadija <\/p><hr><p> Protsessor (CPU): Intel Core i5-5250U 1.60GHz <\/p><p> Operatiiv m\u00e4lu: 4GB <\/p><p> K\u00f5vaketas: HDD: 128GB SSD <\/p><p> Videokaart: Intel HD Graphics 6000 <\/p><p> Ekraan: 13\u2033 <\/p><p> Resolutsioon: 1440\u00d7900 <\/p>\n","protected":false},"excerpt":{"rendered":"<p>Apple Macbook Air 13 A1466 Mid 2015, heas seisu- ja t\u00f6\u00f6korras! laadija Protsessor (CPU): Intel Core i5-5250U 1.60GHz Operatiiv m\u00e4lu: 4GB K\u00f5vaketas: HDD: 128GB SSD Videokaart: Intel HD Graphics 6000 Ekraan: 13\u2033 Resolutsioon: 1440\u00d7900<\/p>\n","protected":false},"featured_media":21146,"comment_status":"closed","ping_status":"open","template":"","meta":{"inline_featured_image":false},"product_brand":[],"product_cat":[179],"product_tag":[],"class_list":{"0":"post-21145","1":"product","2":"type-product","3":"status-publish","4":"has-post-thumbnail","6":"product_cat-noutbuki","7":"pa_asukoht-mustamae","8":"pa_seisukord-ispolzovano","10":"first","11":"instock","12":"taxable","13":"shipping-taxable","14":"purchasable","15":"product-type-simple"},"_links":{"self":[{"href":"https:\/\/a-pant.ee\/ru\/wp-json\/wp\/v2\/product\/21145","targetHints":{"allow":["GET"]}}],"collection":[{"href":"https:\/\/a-pant.ee\/ru\/wp-json\/wp\/v2\/product"}],"about":[{"href":"https:\/\/a-pant.ee\/ru\/wp-json\/wp\/v2\/types\/product"}],"replies":[{"embeddable":true,"href":"https:\/\/a-pant.ee\/ru\/wp-json\/wp\/v2\/comments?post=21145"}],"wp:featuredmedia":[{"embeddable":true,"href":"https:\/\/a-pant.ee\/ru\/wp-json\/wp\/v2\/media\/21146"}],"wp:attachment":[{"href":"https:\/\/a-pant.ee\/ru\/wp-json\/wp\/v2\/media?parent=21145"}],"wp:term":[{"taxonomy":"product_brand","embeddable":true,"href":"https:\/\/a-pant.ee\/ru\/wp-json\/wp\/v2\/product_brand?post=21145"},{"taxonomy":"product_cat","embeddable":true,"href":"https:\/\/a-pant.ee\/ru\/wp-json\/wp\/v2\/product_cat?post=21145"},{"taxonomy":"product_tag","embeddable":true,"href":"https:\/\/a-pant.ee\/ru\/wp-json\/wp\/v2\/product_tag?post=21145"}],"curies":[{"name":"wp","href":"https:\/\/api.w.org\/{rel}","templated":true}]}}