{"id":21129,"date":"2026-02-03T22:38:48","date_gmt":"2026-02-03T19:38:48","guid":{"rendered":"https:\/\/a-pant.ee\/product\/chasy-guess-w0329l3\/"},"modified":"2026-02-22T12:56:30","modified_gmt":"2026-02-22T09:56:30","slug":"chasy-guess-w0329l3-korobka-chek","status":"publish","type":"product","link":"https:\/\/a-pant.ee\/ru\/product\/chasy-guess-w0329l3-korobka-chek\/","title":{"rendered":"\u0427\u0430\u0441\u044b Guess W0329L3 + \u043a\u043e\u0440\u043e\u0431\u043a\u0430 + \u0447\u0435\u043a"},"content":{"rendered":"\n<p> K\u00e4ekellad Guess W0329L3, heas seisu- ja t\u00f6\u00f6korras! <\/p><p> + karp + tsekk <\/p><p> KIRJELDUS <\/p><p> Brand <\/p><p> Guess <\/p><p> Packaging <\/p><p> Guess packaging <\/p><p> Analogue\/Digital <\/p><p> Analogue <\/p><p> Case depth approx. <\/p><p> 12mm <\/p><p> Case Material <\/p><p> PVD rose plating <\/p><p> Case Shape <\/p><p> Circle <\/p><p> Case width approx. <\/p><p> 42mm <\/p><p> Dial Colour <\/p><p> Off white <\/p><p> Gender <\/p><p> Ladies <\/p><p> Model Name <\/p><p> Allure <\/p>\n","protected":false},"excerpt":{"rendered":"<p>K\u00e4ekellad Guess W0329L3, heas seisu- ja t\u00f6\u00f6korras! + karp + tsekk KIRJELDUS Brand Guess Packaging Guess packaging Analogue\/Digital Analogue Case depth approx. 12mm Case Material PVD rose plating Case Shape Circle Case width approx. 42mm Dial Colour Off white Gender Ladies Model Name Allure<\/p>\n","protected":false},"featured_media":21130,"comment_status":"closed","ping_status":"open","template":"","meta":{"inline_featured_image":false},"product_brand":[],"product_cat":[212],"product_tag":[],"class_list":{"0":"post-21129","1":"product","2":"type-product","3":"status-publish","4":"has-post-thumbnail","6":"product_cat-zhenskie-chasy","7":"pa_asukoht-mustamae","8":"pa_seisukord-ispolzovano","10":"first","11":"instock","12":"taxable","13":"shipping-taxable","14":"purchasable","15":"product-type-simple"},"_links":{"self":[{"href":"https:\/\/a-pant.ee\/ru\/wp-json\/wp\/v2\/product\/21129","targetHints":{"allow":["GET"]}}],"collection":[{"href":"https:\/\/a-pant.ee\/ru\/wp-json\/wp\/v2\/product"}],"about":[{"href":"https:\/\/a-pant.ee\/ru\/wp-json\/wp\/v2\/types\/product"}],"replies":[{"embeddable":true,"href":"https:\/\/a-pant.ee\/ru\/wp-json\/wp\/v2\/comments?post=21129"}],"wp:featuredmedia":[{"embeddable":true,"href":"https:\/\/a-pant.ee\/ru\/wp-json\/wp\/v2\/media\/21130"}],"wp:attachment":[{"href":"https:\/\/a-pant.ee\/ru\/wp-json\/wp\/v2\/media?parent=21129"}],"wp:term":[{"taxonomy":"product_brand","embeddable":true,"href":"https:\/\/a-pant.ee\/ru\/wp-json\/wp\/v2\/product_brand?post=21129"},{"taxonomy":"product_cat","embeddable":true,"href":"https:\/\/a-pant.ee\/ru\/wp-json\/wp\/v2\/product_cat?post=21129"},{"taxonomy":"product_tag","embeddable":true,"href":"https:\/\/a-pant.ee\/ru\/wp-json\/wp\/v2\/product_tag?post=21129"}],"curies":[{"name":"wp","href":"https:\/\/api.w.org\/{rel}","templated":true}]}}