{"id":21105,"date":"2026-02-03T22:36:09","date_gmt":"2026-02-03T19:36:09","guid":{"rendered":"https:\/\/a-pant.ee\/product\/zerkalnyy-fotoapparat-nikon-d60-body\/"},"modified":"2026-02-22T12:56:34","modified_gmt":"2026-02-22T09:56:34","slug":"zerkalnyj-fotoapparat-nikon-d60-body","status":"publish","type":"product","link":"https:\/\/a-pant.ee\/ru\/product\/zerkalnyj-fotoapparat-nikon-d60-body\/","title":{"rendered":"\u0417\u0435\u0440\u043a\u0430\u043b\u044c\u043d\u044b\u0439 \u0444\u043e\u0442\u043e\u0430\u043f\u043f\u0430\u0440\u0430\u0442 Nikon D60 Body"},"content":{"rendered":"\n<p> Nikon D60 peegelkaamera , heas seisu- ja t\u00f6\u00f6korras! <\/p><hr><p> KIRJELDUS <\/p><p> amat\u00f6\u00f6rpeegelkaamera <\/p><p> Nikon F mount maatriks <\/p><p> 10,75 MP (APS-C) ekraan 2,5 \u201d <\/p><p> Kaal ilma patareideta ja objektiivi 471 g <\/p>\n","protected":false},"excerpt":{"rendered":"<p>Nikon D60 peegelkaamera , heas seisu- ja t\u00f6\u00f6korras! KIRJELDUS amat\u00f6\u00f6rpeegelkaamera Nikon F mount maatriks 10,75 MP (APS-C) ekraan 2,5 \u201d Kaal ilma patareideta ja objektiivi 471 g<\/p>\n","protected":false},"featured_media":21106,"comment_status":"closed","ping_status":"open","template":"","meta":{"inline_featured_image":false},"product_brand":[],"product_cat":[163],"product_tag":[],"class_list":{"0":"post-21105","1":"product","2":"type-product","3":"status-publish","4":"has-post-thumbnail","6":"product_cat-fototehnika","7":"pa_asukoht-mustamae","8":"pa_seisukord-ispolzovano","10":"first","11":"instock","12":"taxable","13":"shipping-taxable","14":"purchasable","15":"product-type-simple"},"_links":{"self":[{"href":"https:\/\/a-pant.ee\/ru\/wp-json\/wp\/v2\/product\/21105","targetHints":{"allow":["GET"]}}],"collection":[{"href":"https:\/\/a-pant.ee\/ru\/wp-json\/wp\/v2\/product"}],"about":[{"href":"https:\/\/a-pant.ee\/ru\/wp-json\/wp\/v2\/types\/product"}],"replies":[{"embeddable":true,"href":"https:\/\/a-pant.ee\/ru\/wp-json\/wp\/v2\/comments?post=21105"}],"wp:featuredmedia":[{"embeddable":true,"href":"https:\/\/a-pant.ee\/ru\/wp-json\/wp\/v2\/media\/21106"}],"wp:attachment":[{"href":"https:\/\/a-pant.ee\/ru\/wp-json\/wp\/v2\/media?parent=21105"}],"wp:term":[{"taxonomy":"product_brand","embeddable":true,"href":"https:\/\/a-pant.ee\/ru\/wp-json\/wp\/v2\/product_brand?post=21105"},{"taxonomy":"product_cat","embeddable":true,"href":"https:\/\/a-pant.ee\/ru\/wp-json\/wp\/v2\/product_cat?post=21105"},{"taxonomy":"product_tag","embeddable":true,"href":"https:\/\/a-pant.ee\/ru\/wp-json\/wp\/v2\/product_tag?post=21105"}],"curies":[{"name":"wp","href":"https:\/\/api.w.org\/{rel}","templated":true}]}}