{"id":21094,"date":"2026-02-03T22:36:09","date_gmt":"2026-02-03T19:36:09","guid":{"rendered":"https:\/\/a-pant.ee\/product\/igry-dlya-ps4-sony-playstation-4\/"},"modified":"2026-02-22T12:56:34","modified_gmt":"2026-02-22T09:56:34","slug":"igry-dlya-ps4-sony-playstation-4","status":"publish","type":"product","link":"https:\/\/a-pant.ee\/ru\/product\/igry-dlya-ps4-sony-playstation-4\/","title":{"rendered":"\u0418\u0433\u0440\u044b \u0434\u043b\u044f PS4  Sony Playstation 4"},"content":{"rendered":"\n<p><b> PS4, Sony Playstation 4 M\u00e4ngud <\/b> , heas seisu- ja t\u00f6\u00f6korras! <\/p><p><em> PAE 80, Lasnam\u00e4e <\/em><\/p><p><strong> Need for Speed Payback \u2014 20 euro <\/strong><\/p><p><strong> GHOST of Tsusima \u2014 20 euro <\/strong><\/p><p><strong> Madden NFL 18 \u2014 20 euro <\/strong><\/p><p> \u00a0 <\/p>\n","protected":false},"excerpt":{"rendered":"<p>PS4, Sony Playstation 4 M\u00e4ngud , heas seisu- ja t\u00f6\u00f6korras! PAE 80, Lasnam\u00e4e Need for Speed Payback \u2014 20 euro GHOST of Tsusima \u2014 20 euro Madden NFL 18 \u2014 20 euro \u00a0<\/p>\n","protected":false},"featured_media":21095,"comment_status":"closed","ping_status":"open","template":"","meta":{"inline_featured_image":false},"product_brand":[],"product_cat":[175],"product_tag":[],"class_list":{"0":"post-21094","1":"product","2":"type-product","3":"status-publish","4":"has-post-thumbnail","6":"product_cat-vsyo-dlya-pristavok","7":"pa_asukoht-lasnamae","8":"pa_seisukord-ispolzovano","10":"first","11":"instock","12":"taxable","13":"shipping-taxable","14":"purchasable","15":"product-type-simple"},"_links":{"self":[{"href":"https:\/\/a-pant.ee\/ru\/wp-json\/wp\/v2\/product\/21094","targetHints":{"allow":["GET"]}}],"collection":[{"href":"https:\/\/a-pant.ee\/ru\/wp-json\/wp\/v2\/product"}],"about":[{"href":"https:\/\/a-pant.ee\/ru\/wp-json\/wp\/v2\/types\/product"}],"replies":[{"embeddable":true,"href":"https:\/\/a-pant.ee\/ru\/wp-json\/wp\/v2\/comments?post=21094"}],"wp:featuredmedia":[{"embeddable":true,"href":"https:\/\/a-pant.ee\/ru\/wp-json\/wp\/v2\/media\/21095"}],"wp:attachment":[{"href":"https:\/\/a-pant.ee\/ru\/wp-json\/wp\/v2\/media?parent=21094"}],"wp:term":[{"taxonomy":"product_brand","embeddable":true,"href":"https:\/\/a-pant.ee\/ru\/wp-json\/wp\/v2\/product_brand?post=21094"},{"taxonomy":"product_cat","embeddable":true,"href":"https:\/\/a-pant.ee\/ru\/wp-json\/wp\/v2\/product_cat?post=21094"},{"taxonomy":"product_tag","embeddable":true,"href":"https:\/\/a-pant.ee\/ru\/wp-json\/wp\/v2\/product_tag?post=21094"}],"curies":[{"name":"wp","href":"https:\/\/api.w.org\/{rel}","templated":true}]}}