{"id":21089,"date":"2026-02-03T22:36:09","date_gmt":"2026-02-03T19:36:09","guid":{"rendered":"https:\/\/a-pant.ee\/product\/igry-dlya-nintendo-wii\/"},"modified":"2026-02-22T12:56:34","modified_gmt":"2026-02-22T09:56:34","slug":"igry-dlya-nintendo-wii","status":"publish","type":"product","link":"https:\/\/a-pant.ee\/ru\/product\/igry-dlya-nintendo-wii\/","title":{"rendered":"\u0418\u0433\u0440\u044b \u0434\u043b\u044f Nintendo Wii"},"content":{"rendered":"\n<h2><b> Nintendo Wii M\u00e4ngud <\/b> , hea ja t\u00f6\u00f6korras! <\/h2><p> \u041f\u0440\u043e\u0434\u0430\u044e\u0442\u0441\u044f \u0418\u0433\u0440\u044b \u0434\u043b\u044f Nintendo Wii, \u0432 \u0445\u043e\u0440\u043e\u0448\u0435\u043c \u0438 \u0440\u0430\u0431\u043e\u0447\u0435\u043c \u0441\u043e\u0441\u0442\u043e\u044f\u043d\u0438\u0438! <\/p><p> NBA 2K 12 <\/p><p> Link&#8217;s Crossbow Training <\/p><p> Alice wonderland <\/p><p> Wii Music <\/p><p> Wii Play <\/p><p> Fifa 09 <\/p><p> Cloudy with a chance of MEAT BALLS <\/p><p> NBA 2k12 <\/p><p> Harry potter Deathly Hallows part 2 <\/p><p> Madden NFL 08 <\/p><p> Links Crossbow Training <\/p><p> Epic Mickey <\/p><p> ABBA You Can Dance <\/p><p> Punch-Out <\/p><p> Nights Jorney of Dreams <\/p>\n","protected":false},"excerpt":{"rendered":"<p>Nintendo Wii M\u00e4ngud , hea ja t\u00f6\u00f6korras! \u041f\u0440\u043e\u0434\u0430\u044e\u0442\u0441\u044f \u0418\u0433\u0440\u044b \u0434\u043b\u044f Nintendo Wii, \u0432 \u0445\u043e\u0440\u043e\u0448\u0435\u043c \u0438 \u0440\u0430\u0431\u043e\u0447\u0435\u043c \u0441\u043e\u0441\u0442\u043e\u044f\u043d\u0438\u0438! NBA 2K 12 Link&#8217;s Crossbow Training Alice wonderland Wii Music Wii Play Fifa 09 Cloudy with a chance of MEAT BALLS NBA 2k12 Harry potter Deathly Hallows part 2 Madden NFL 08 Links Crossbow Training Epic Mickey ABBA [&hellip;]<\/p>\n","protected":false},"featured_media":21090,"comment_status":"closed","ping_status":"open","template":"","meta":{"inline_featured_image":false},"product_brand":[],"product_cat":[175],"product_tag":[],"class_list":{"0":"post-21089","1":"product","2":"type-product","3":"status-publish","4":"has-post-thumbnail","6":"product_cat-vsyo-dlya-pristavok","7":"pa_asukoht-lasnamae","8":"pa_seisukord-ispolzovano","10":"first","11":"instock","12":"taxable","13":"shipping-taxable","14":"purchasable","15":"product-type-simple"},"_links":{"self":[{"href":"https:\/\/a-pant.ee\/ru\/wp-json\/wp\/v2\/product\/21089","targetHints":{"allow":["GET"]}}],"collection":[{"href":"https:\/\/a-pant.ee\/ru\/wp-json\/wp\/v2\/product"}],"about":[{"href":"https:\/\/a-pant.ee\/ru\/wp-json\/wp\/v2\/types\/product"}],"replies":[{"embeddable":true,"href":"https:\/\/a-pant.ee\/ru\/wp-json\/wp\/v2\/comments?post=21089"}],"wp:featuredmedia":[{"embeddable":true,"href":"https:\/\/a-pant.ee\/ru\/wp-json\/wp\/v2\/media\/21090"}],"wp:attachment":[{"href":"https:\/\/a-pant.ee\/ru\/wp-json\/wp\/v2\/media?parent=21089"}],"wp:term":[{"taxonomy":"product_brand","embeddable":true,"href":"https:\/\/a-pant.ee\/ru\/wp-json\/wp\/v2\/product_brand?post=21089"},{"taxonomy":"product_cat","embeddable":true,"href":"https:\/\/a-pant.ee\/ru\/wp-json\/wp\/v2\/product_cat?post=21089"},{"taxonomy":"product_tag","embeddable":true,"href":"https:\/\/a-pant.ee\/ru\/wp-json\/wp\/v2\/product_tag?post=21089"}],"curies":[{"name":"wp","href":"https:\/\/api.w.org\/{rel}","templated":true}]}}