{"id":21078,"date":"2026-02-03T22:36:09","date_gmt":"2026-02-03T19:36:09","guid":{"rendered":"https:\/\/a-pant.ee\/product\/bessprovodnye-naushniki-samsung-buds-sm-r170\/"},"modified":"2026-02-22T12:56:34","modified_gmt":"2026-02-22T09:56:34","slug":"bluetooth-naushniki-samsung-galaxy-buds-live","status":"publish","type":"product","link":"https:\/\/a-pant.ee\/ru\/product\/bluetooth-naushniki-samsung-galaxy-buds-live\/","title":{"rendered":"Bluetooth \u041d\u0430\u0443\u0448\u043d\u0438\u043a\u0438 Samsung Galaxy Buds Live"},"content":{"rendered":"\n<p><strong> K\u00f5rvaklappid Samsung Buds SM-R170 + Usb <\/strong> . Heas ja t\u00f6\u00f6korras <\/p><table><tbody><tr><td> Tootja <\/td><td> Samsung <\/td><\/tr><tr><td> K\u00f5rvaklappide t\u00fc\u00fcp <\/td><td> K\u00f5rva sisemised <\/td><\/tr><tr><td> Juhtmevabad k\u00f5rvaklapid <\/td><td> Jah <\/td><\/tr><tr><td> Mikrofoniga k\u00f5rvaklapid <\/td><td> Jah <\/td><\/tr><tr><td> \u00dchendus <\/td><td> Bluetooth <\/td><\/tr><tr><td> Aku t\u00f6\u00f6iga <\/td><td> Kuni 6 H <\/td><\/tr><tr><td> V\u00e4rv <\/td><td> Must <\/td><\/tr><tr><td> Toote kategooria <\/td><td> K\u00f5rvaklapid <\/td><\/tr><\/tbody><\/table>\n","protected":false},"excerpt":{"rendered":"<p>K\u00f5rvaklappid Samsung Buds SM-R170 + Usb . Heas ja t\u00f6\u00f6korras Tootja Samsung K\u00f5rvaklappide t\u00fc\u00fcp K\u00f5rva sisemised Juhtmevabad k\u00f5rvaklapid Jah Mikrofoniga k\u00f5rvaklapid Jah \u00dchendus Bluetooth Aku t\u00f6\u00f6iga Kuni 6 H V\u00e4rv Must Toote kategooria K\u00f5rvaklapid<\/p>\n","protected":false},"featured_media":21079,"comment_status":"closed","ping_status":"closed","template":"","meta":{"inline_featured_image":false},"product_brand":[],"product_cat":[168],"product_tag":[],"class_list":{"0":"post-21078","1":"product","2":"type-product","3":"status-publish","4":"has-post-thumbnail","6":"product_cat-naushniki","7":"pa_asukoht-mustamae","8":"pa_seisukord-ispolzovano","10":"first","11":"outofstock","12":"taxable","13":"shipping-taxable","14":"purchasable","15":"product-type-simple"},"_links":{"self":[{"href":"https:\/\/a-pant.ee\/ru\/wp-json\/wp\/v2\/product\/21078","targetHints":{"allow":["GET"]}}],"collection":[{"href":"https:\/\/a-pant.ee\/ru\/wp-json\/wp\/v2\/product"}],"about":[{"href":"https:\/\/a-pant.ee\/ru\/wp-json\/wp\/v2\/types\/product"}],"replies":[{"embeddable":true,"href":"https:\/\/a-pant.ee\/ru\/wp-json\/wp\/v2\/comments?post=21078"}],"wp:featuredmedia":[{"embeddable":true,"href":"https:\/\/a-pant.ee\/ru\/wp-json\/wp\/v2\/media\/21079"}],"wp:attachment":[{"href":"https:\/\/a-pant.ee\/ru\/wp-json\/wp\/v2\/media?parent=21078"}],"wp:term":[{"taxonomy":"product_brand","embeddable":true,"href":"https:\/\/a-pant.ee\/ru\/wp-json\/wp\/v2\/product_brand?post=21078"},{"taxonomy":"product_cat","embeddable":true,"href":"https:\/\/a-pant.ee\/ru\/wp-json\/wp\/v2\/product_cat?post=21078"},{"taxonomy":"product_tag","embeddable":true,"href":"https:\/\/a-pant.ee\/ru\/wp-json\/wp\/v2\/product_tag?post=21078"}],"curies":[{"name":"wp","href":"https:\/\/api.w.org\/{rel}","templated":true}]}}