{"id":21073,"date":"2026-02-03T22:36:09","date_gmt":"2026-02-03T19:36:09","guid":{"rendered":"https:\/\/a-pant.ee\/product\/naushniki-jbl-live-300tws\/"},"modified":"2026-02-22T12:56:33","modified_gmt":"2026-02-22T09:56:33","slug":"naushniki-jbl-live-300tws","status":"publish","type":"product","link":"https:\/\/a-pant.ee\/ru\/product\/naushniki-jbl-live-300tws\/","title":{"rendered":"\u041d\u0430\u0443\u0448\u043d\u0438\u043a\u0438 JBL LIVE 300TWS"},"content":{"rendered":"\n<p> K\u00f5rvaklapid JBL LIVE 300TWS. , heas seisu- ja t\u00f6\u00f6korras! <strong><\/strong><\/p><p> kanalisisene <\/p><p> Bluetooth 5.0 <br \/> d\u00fcnaamiline <br \/> t\u00f6\u00f6aeg 6 h (akust 20 h korral) <br \/> pistik USB-t\u00fc\u00fcpi C laadimiseks <br \/> tundlikkus 95 dB <\/p>\n","protected":false},"excerpt":{"rendered":"<p>K\u00f5rvaklapid JBL LIVE 300TWS. , heas seisu- ja t\u00f6\u00f6korras! kanalisisene Bluetooth 5.0 d\u00fcnaamiline t\u00f6\u00f6aeg 6 h (akust 20 h korral) pistik USB-t\u00fc\u00fcpi C laadimiseks tundlikkus 95 dB<\/p>\n","protected":false},"featured_media":21074,"comment_status":"closed","ping_status":"closed","template":"","meta":{"inline_featured_image":false},"product_brand":[],"product_cat":[168],"product_tag":[],"class_list":{"0":"post-21073","1":"product","2":"type-product","3":"status-publish","4":"has-post-thumbnail","6":"product_cat-naushniki","7":"pa_asukoht-mustamae","8":"pa_seisukord-ispolzovano","10":"first","11":"outofstock","12":"taxable","13":"shipping-taxable","14":"purchasable","15":"product-type-simple"},"_links":{"self":[{"href":"https:\/\/a-pant.ee\/ru\/wp-json\/wp\/v2\/product\/21073","targetHints":{"allow":["GET"]}}],"collection":[{"href":"https:\/\/a-pant.ee\/ru\/wp-json\/wp\/v2\/product"}],"about":[{"href":"https:\/\/a-pant.ee\/ru\/wp-json\/wp\/v2\/types\/product"}],"replies":[{"embeddable":true,"href":"https:\/\/a-pant.ee\/ru\/wp-json\/wp\/v2\/comments?post=21073"}],"wp:featuredmedia":[{"embeddable":true,"href":"https:\/\/a-pant.ee\/ru\/wp-json\/wp\/v2\/media\/21074"}],"wp:attachment":[{"href":"https:\/\/a-pant.ee\/ru\/wp-json\/wp\/v2\/media?parent=21073"}],"wp:term":[{"taxonomy":"product_brand","embeddable":true,"href":"https:\/\/a-pant.ee\/ru\/wp-json\/wp\/v2\/product_brand?post=21073"},{"taxonomy":"product_cat","embeddable":true,"href":"https:\/\/a-pant.ee\/ru\/wp-json\/wp\/v2\/product_cat?post=21073"},{"taxonomy":"product_tag","embeddable":true,"href":"https:\/\/a-pant.ee\/ru\/wp-json\/wp\/v2\/product_tag?post=21073"}],"curies":[{"name":"wp","href":"https:\/\/api.w.org\/{rel}","templated":true}]}}