{"id":21067,"date":"2026-02-03T22:36:09","date_gmt":"2026-02-03T19:36:09","guid":{"rendered":"https:\/\/a-pant.ee\/product\/elektrokhimicheskiy-detektor-dme-03\/"},"modified":"2026-02-22T12:56:33","modified_gmt":"2026-02-22T09:56:33","slug":"elektrohimicheskij-detektor-zolota-serebra-dme-03","status":"publish","type":"product","link":"https:\/\/a-pant.ee\/ru\/product\/elektrohimicheskij-detektor-zolota-serebra-dme-03\/","title":{"rendered":"\u042d\u043b\u0435\u043a\u0442\u0440\u043e\u0445\u0438\u043c\u0438\u0447\u0435\u0441\u043a\u0438\u0439 \u0434\u0435\u0442\u0435\u043a\u0442\u043e\u0440 \u0437\u043e\u043b\u043e\u0442\u0430, \u0441\u0435\u0440\u0435\u0431\u0440\u0430 DMe-03"},"content":{"rendered":"\n<p> Elektrokeemiline detektor Kulla ja h\u00f5be DMe-03, NAGU UUS,\u00a0t\u00e4iskomplekt\u00a0\u00a0heas seisu- ja t\u00f6\u00f6korras! <\/p><p> K\u00f5ik info kuidas t\u00f6\u00f6tab v\u00f5in vaadata siin\u00a0 <a title=\"Video\" href=\"https:\/\/www.youtube.com\/watch?v=HtONeoyyfMk\" target=\"_blank\" rel=\"noreferrer noopener nofollow\"> https:\/\/www.youtube.com\/watch?v=HtONeoyyfMk <\/a><\/p><hr><p> KIRJELDUS <\/p><p><strong> Elektrokeemiline detektor DMe-03 <\/strong> on ette n\u00e4htud: <\/p><ul><li><p> metallide, v\u00e4\u00e4rismetallide ja sulamite kiireks tuvastamiseks <\/p><\/li><li><p> v\u00e4\u00e4rismetalltoodete (valuplokkide, ehete, m\u00fcntide) mittelagundavaks kontrolliks <\/p><\/li><li><p> tehnoloogiliste protsesside kontrolliks v\u00e4\u00e4rismetallist toodete valmistamisel <\/p><\/li><li><p> v\u00f5ltsingute avastamiseks (nii koostise kui ka ainult katte olemasolu j\u00e4rgi) <\/p><\/li><li><p> must- ja v\u00e4rvilistest metallidest toorikute kontrolliks <\/p><\/li><li><p> galvaniseerimistootmises kullakatete paksuse kontrolliks <\/p><\/li><\/ul><p> DMe-03 \u00fchendab endas kahe teise p\u00f5lvkonna detektorit\u00fc\u00fcbi v\u00f5imalused: <br \/> detektor, mis tuvastab proove (ehtere\u017eiim), ja detektor, mis m\u00f5\u00f5dab k\u00f5igi sulamite potentsiaale (eksperdre\u017eiim). <br \/> T\u00f6\u00f6 tulemused kuvatakse seadme ekraanile. <\/p><p><strong> Ehtere\u017eiimis <\/strong> v\u00f5imaldab seade tuvastada j\u00e4rgmisi proove: <\/p><ul><li><p> Kuld 375 proov (9 kt) <\/p><\/li><li><p> Kuld 585 proov (14 kt, standard) <\/p><\/li><li><p> Kuld 585 proov (14 kt, mitte standard) <\/p><\/li><li><p> Kuld 750 proov (18 kt) <\/p><\/li><li><p> Kuld 958 proov (23 kt) <\/p><\/li><li><p> Kuld 999 proov (24 kt) <\/p><\/li><li><p> H\u00f5be kuni 800 proovini <\/p><\/li><li><p> H\u00f5be alates 800 proovist ja k\u00f5rgem <\/p><\/li><li><p> Palladium <\/p><\/li><li><p> Valge kuld <\/p><\/li><li><p> Plaatina ja selle sulamid <\/p><\/li><\/ul><p><strong> Eksperdre\u017eiimis <\/strong> v\u00f5imaldab seade m\u00f5\u00f5ta potentsiaalv\u00e4\u00e4rtusi. <br \/> Kasutades lisavarustusena tarnitavaid \u201eViitekogumikke\u201c ja arvutiprogramme, saab teha usaldusv\u00e4\u00e4rseid j\u00e4reldusi uuritava sulami v\u00f5i eseme kohta. <\/p><p><strong> DMe-03 <\/strong> on oma omaduste ja v\u00f5imaluste poolest ainulaadne seade, millel ei ole analooge ei Venemaal ega v\u00e4lismaal. <br \/> Seade on loodud kaasaegsel elementbaasil, seda iseloomustavad k\u00f5rge t\u00f6\u00f6kindlus ja kasutusmugavus. <br \/> Seade on kompaktne, sellel on arvutiv\u00e4ljund ja toide akult. <\/p><p><strong> Tarnitav standardne tarkvara <\/strong> kuvab arvutiekraanil sama teabe, mis on n\u00e4htav seadme sisseehitatud ekraanil, ning v\u00f5imaldab printida viimase m\u00f5\u00f5tmise tulemuste protokolli. <\/p><p> DMe-03 arendamisel on arvesse v\u00f5etud 15-aastast esimese ja teise p\u00f5lvkonna elektrokeemiliste detektorite kasutuskogemust. <\/p><p><strong> Komplekti kuulub: <\/strong><\/p><ul><li><p> elektroonikaplokk <\/p><\/li><li><p> sond <\/p><\/li><li><p> toiteplokk <\/p><\/li><li><p> pabersalvr\u00e4tikud <\/p><\/li><li><p> spetsiaalne n\u00f5el <\/p><\/li><li><p> kustukumm <\/p><\/li><li><p> lisakontaktseade \u201ekrokodill\u201c t\u00fc\u00fcpi klambriga <\/p><\/li><li><p> CD tarkvaraga <\/p><\/li><li><p> kasutusjuhend <\/p><\/li><li><p> pakend <\/p><\/li><\/ul>\n","protected":false},"excerpt":{"rendered":"<p>Elektrokeemiline detektor Kulla ja h\u00f5be DMe-03, NAGU UUS,\u00a0t\u00e4iskomplekt\u00a0\u00a0heas seisu- ja t\u00f6\u00f6korras! K\u00f5ik info kuidas t\u00f6\u00f6tab v\u00f5in vaadata siin\u00a0 https:\/\/www.youtube.com\/watch?v=HtONeoyyfMk KIRJELDUS Elektrokeemiline detektor DMe-03 on ette n\u00e4htud: metallide, v\u00e4\u00e4rismetallide ja sulamite kiireks tuvastamiseks v\u00e4\u00e4rismetalltoodete (valuplokkide, ehete, m\u00fcntide) mittelagundavaks kontrolliks tehnoloogiliste protsesside kontrolliks v\u00e4\u00e4rismetallist toodete valmistamisel v\u00f5ltsingute avastamiseks (nii koostise kui ka ainult katte olemasolu j\u00e4rgi) must- [&hellip;]<\/p>\n","protected":false},"featured_media":21068,"comment_status":"closed","ping_status":"closed","template":"","meta":{"inline_featured_image":false},"product_brand":[],"product_cat":[162],"product_tag":[],"class_list":{"0":"post-21067","1":"product","2":"type-product","3":"status-publish","4":"has-post-thumbnail","6":"product_cat-elektronika-drugoe","7":"pa_asukoht-lasnamae","8":"pa_seisukord-ispolzovano","10":"first","11":"outofstock","12":"taxable","13":"shipping-taxable","14":"purchasable","15":"product-type-simple"},"_links":{"self":[{"href":"https:\/\/a-pant.ee\/ru\/wp-json\/wp\/v2\/product\/21067","targetHints":{"allow":["GET"]}}],"collection":[{"href":"https:\/\/a-pant.ee\/ru\/wp-json\/wp\/v2\/product"}],"about":[{"href":"https:\/\/a-pant.ee\/ru\/wp-json\/wp\/v2\/types\/product"}],"replies":[{"embeddable":true,"href":"https:\/\/a-pant.ee\/ru\/wp-json\/wp\/v2\/comments?post=21067"}],"wp:featuredmedia":[{"embeddable":true,"href":"https:\/\/a-pant.ee\/ru\/wp-json\/wp\/v2\/media\/21068"}],"wp:attachment":[{"href":"https:\/\/a-pant.ee\/ru\/wp-json\/wp\/v2\/media?parent=21067"}],"wp:term":[{"taxonomy":"product_brand","embeddable":true,"href":"https:\/\/a-pant.ee\/ru\/wp-json\/wp\/v2\/product_brand?post=21067"},{"taxonomy":"product_cat","embeddable":true,"href":"https:\/\/a-pant.ee\/ru\/wp-json\/wp\/v2\/product_cat?post=21067"},{"taxonomy":"product_tag","embeddable":true,"href":"https:\/\/a-pant.ee\/ru\/wp-json\/wp\/v2\/product_tag?post=21067"}],"curies":[{"name":"wp","href":"https:\/\/api.w.org\/{rel}","templated":true}]}}