{"id":21056,"date":"2026-02-03T22:36:09","date_gmt":"2026-02-03T19:36:09","guid":{"rendered":"https:\/\/a-pant.ee\/product\/kolonka-monitor-cvg-audio-odf516t\/"},"modified":"2026-02-22T12:56:32","modified_gmt":"2026-02-22T09:56:32","slug":"kolonka-monitor-cvg-audio-odf516t","status":"publish","type":"product","link":"https:\/\/a-pant.ee\/ru\/product\/kolonka-monitor-cvg-audio-odf516t\/","title":{"rendered":"\u041a\u043e\u043b\u043e\u043d\u043a\u0430-\u043c\u043e\u043d\u0438\u0442\u043e\u0440 CVG audio ODF516T"},"content":{"rendered":"\n<p><b> Monitor k\u00f5lar CVG audio ODF516T <\/b> , heas ja t\u00f6\u00f6korras! <\/p><hr><p><i><b> CVG audio Speaker ODF516T <\/b><br \/> Wall indoor\/outdoor two-way case speaker system, IP44 <br \/> POWER IN 100V THE MODE \u2013 4\/8\/16\/30W \u2013 100V <br \/> POWER IN LOW-IMPEDANCE THE MODE (8 OHM) \u2013 40W RMS \u2013 16ohm <br \/> FREQUENCY RANGE \u2013 80Hz-20000Hz <br \/> SENSITIVITY \u2013 89dB (1W\/1m) <br \/> VUFER \u2013 5,25 \u201c(133mm), polypropylene, rubber suspension <br \/> TWITTER \u2013 1 \u201c(24,5mm), poliefiramid (PEI) dome <br \/> COLOUR \u2013 black, ABS plastic, aluminum lattice <br \/> DIMENSIONS \u2013 163mm x 237mm x 160mm <br \/> WEIGHT \u2013 1,9kg <\/i><\/p>\n","protected":false},"excerpt":{"rendered":"<p>Monitor k\u00f5lar CVG audio ODF516T , heas ja t\u00f6\u00f6korras! CVG audio Speaker ODF516T Wall indoor\/outdoor two-way case speaker system, IP44 POWER IN 100V THE MODE \u2013 4\/8\/16\/30W \u2013 100V POWER IN LOW-IMPEDANCE THE MODE (8 OHM) \u2013 40W RMS \u2013 16ohm FREQUENCY RANGE \u2013 80Hz-20000Hz SENSITIVITY \u2013 89dB (1W\/1m) VUFER \u2013 5,25 \u201c(133mm), polypropylene, rubber [&hellip;]<\/p>\n","protected":false},"featured_media":7904,"comment_status":"closed","ping_status":"open","template":"","meta":{"inline_featured_image":false},"product_brand":[],"product_cat":[167],"product_tag":[],"class_list":{"0":"post-21056","1":"product","2":"type-product","3":"status-publish","4":"has-post-thumbnail","6":"product_cat-kolonki","7":"pa_asukoht-lasnamae","8":"pa_seisukord-ispolzovano","10":"first","11":"outofstock","12":"taxable","13":"shipping-taxable","14":"purchasable","15":"product-type-simple"},"_links":{"self":[{"href":"https:\/\/a-pant.ee\/ru\/wp-json\/wp\/v2\/product\/21056","targetHints":{"allow":["GET"]}}],"collection":[{"href":"https:\/\/a-pant.ee\/ru\/wp-json\/wp\/v2\/product"}],"about":[{"href":"https:\/\/a-pant.ee\/ru\/wp-json\/wp\/v2\/types\/product"}],"replies":[{"embeddable":true,"href":"https:\/\/a-pant.ee\/ru\/wp-json\/wp\/v2\/comments?post=21056"}],"wp:featuredmedia":[{"embeddable":true,"href":"https:\/\/a-pant.ee\/ru\/wp-json\/wp\/v2\/media\/7904"}],"wp:attachment":[{"href":"https:\/\/a-pant.ee\/ru\/wp-json\/wp\/v2\/media?parent=21056"}],"wp:term":[{"taxonomy":"product_brand","embeddable":true,"href":"https:\/\/a-pant.ee\/ru\/wp-json\/wp\/v2\/product_brand?post=21056"},{"taxonomy":"product_cat","embeddable":true,"href":"https:\/\/a-pant.ee\/ru\/wp-json\/wp\/v2\/product_cat?post=21056"},{"taxonomy":"product_tag","embeddable":true,"href":"https:\/\/a-pant.ee\/ru\/wp-json\/wp\/v2\/product_tag?post=21056"}],"curies":[{"name":"wp","href":"https:\/\/api.w.org\/{rel}","templated":true}]}}